{"id":2040,"date":"2025-05-15T09:57:39","date_gmt":"2025-05-15T09:57:39","guid":{"rendered":"https:\/\/logiku.bravisthemes.com\/?page_id=2040"},"modified":"2025-10-07T10:54:36","modified_gmt":"2025-10-07T07:54:36","slug":"sss","status":"publish","type":"page","link":"https:\/\/emylogistics.com\/en\/sss\/","title":{"rendered":"Frequently Asked Questions"},"content":{"rendered":"<div data-elementor-type=\"wp-page\" data-elementor-id=\"2040\" class=\"elementor elementor-2040\">\n\t\t\t\t<div class=\"elementor-element elementor-element-621bb4f e-flex e-con-boxed pxl-section-overflow-visible pxl-column-none pxl-section-fix-none pxl-bg-color-none e-con e-parent\" data-id=\"621bb4f\" data-element_type=\"container\">\t\t\t<div class=\"e-con-inner\">\r\n\t\t<div class=\"elementor-element elementor-element-40aa70d e-con-full e-flex pxl-section-overflow-visible pxl-column-none pxl-section-fix-none pxl-bg-color-none e-con e-child\" data-id=\"40aa70d\" data-element_type=\"container\">\t\t<div class=\"elementor-element elementor-element-f5d4e36 elementor-widget elementor-widget-pxl_text_editor\" data-id=\"f5d4e36\" data-element_type=\"widget\" data-widget_type=\"pxl_text_editor.default\">\n\t\t\t\t<div class=\"elementor-widget-container\">\n\t\t\t\t\t<div class=\"pxl-text-editor highlight-gradient\">\n\t<div class=\"pxl-item--inner\" data-wow-delay=\"ms\">\n\t\t<p>EMY Logistics<\/p>\t\t\n\t<\/div>\n<\/div>\t\t\t\t<\/div>\n\t\t\t\t<\/div>\n\t\t\t\t<div class=\"elementor-element elementor-element-a263771 elementor-widget elementor-widget-pxl_heading\" data-id=\"a263771\" data-element_type=\"widget\" data-widget_type=\"pxl_heading.default\">\n\t\t\t\t<div class=\"elementor-widget-container\">\n\t\t\t\t\t\n<div id=\"pxl-pxl_heading-a263771-9697\" class=\"pxl-heading px-sub-title-default-style\">\n\t<div class=\"pxl-heading--inner\">\n\t\t\n\t\t<h3 class=\"pxl-item--title style-default highlight-default wow fadeInUp\" data-wow-delay=\"ms\">\n\n\t\t\t<span class=\"pxl-heading--text\">\n\n\t\t\t\t\t\t\t\t\tFrequently Asked             <span class=\"pxl-title--highlight\">\n                Questions            <\/span>\n         \t\n\t\t\t\t\t\n\n\t\t\t<\/span>\n\t\t<\/h3>\n\t\t\n\t<\/div>\n<\/div>\t\t\t\t<\/div>\n\t\t\t\t<\/div>\n\t\t\t\t<\/div>\r\n\t\t\t\t\t<\/div>\r\n\t\t\t\t<\/div>\r\n\t\t<div class=\"elementor-element elementor-element-c323f29 e-flex e-con-boxed pxl-section-overflow-visible pxl-column-none pxl-section-fix-none pxl-bg-color-none e-con e-parent\" data-id=\"c323f29\" data-element_type=\"container\">\t\t\t<div class=\"e-con-inner\">\r\n\t\t<div class=\"elementor-element elementor-element-7da7764 e-con-full e-flex pxl-section-overflow-visible pxl-column-none pxl-section-fix-none pxl-bg-color-none e-con e-child\" data-id=\"7da7764\" data-element_type=\"container\"><div class=\"elementor-element elementor-element-dca566c e-con-full e-flex pxl-section-overflow-visible pxl-column-none pxl-section-fix-none pxl-bg-color-none e-con e-child\" data-id=\"dca566c\" data-element_type=\"container\">\t\t<div class=\"elementor-element elementor-element-77ccddb elementor-invisible elementor-widget elementor-widget-pxl_accordion\" data-id=\"77ccddb\" data-element_type=\"widget\" data-settings=\"{&quot;_animation&quot;:&quot;fadeInLeft&quot;}\" data-widget_type=\"pxl_accordion.default\">\n\t\t\t\t<div class=\"elementor-widget-container\">\n\t\t\t\t\t    <div class=\"pxl-accordion pxl-accordion2 style-default\" data-wow-delay=\"ms\">\r\n                    <div class=\"pxl--item\">\r\n                <h5 class=\"pxl-accordion--title\" data-target=\"#pxl_accordion-77ccddb-6558-e66d8fc\">\r\n                    <div class=\"pxl-title--number pxl-empty\"><\/div>\r\n                                        <span class=\"pxl-title--text\">1. EMY logistics to the logistics industry, which services does it offer?<\/span>\r\n                    <span class=\"pxl-icon--action\">\r\n                        <svg xmlns=\"http:\/\/www.w3.org\/2000\/svg\" width=\"9\" height=\"5\" viewbox=\"0 0 9 5\" fill=\"none\">\r\n                            <path d=\"M4.09154 3.18178L7.27392 0L8.18315 0.909084L4.09154 5L0 0.909084L0.909237 0L4.09154 3.18178Z\" fill=\"#20282D\"\/>\r\n                        <\/svg>\r\n                    <\/span>                <\/h5>\r\n                <div id=\"pxl_accordion-77ccddb-6558-e66d8fc\" class=\"pxl-accordion--content\" >EMY Logistics <b>automotive, construction, food, chemical, textile, machinery, industrial, retail and e-commerce sectors such as<\/b> custom logistics solutions.<\/div>\r\n            <\/div>\r\n                    <div class=\"pxl--item\">\r\n                <h5 class=\"pxl-accordion--title\" data-target=\"#pxl_accordion-77ccddb-6558-7c44ac7\">\r\n                    <div class=\"pxl-title--number pxl-empty\"><\/div>\r\n                                        <span class=\"pxl-title--text\">2. Do you do international shipping?<\/span>\r\n                    <span class=\"pxl-icon--action\">\r\n                        <svg xmlns=\"http:\/\/www.w3.org\/2000\/svg\" width=\"9\" height=\"5\" viewbox=\"0 0 9 5\" fill=\"none\">\r\n                            <path d=\"M4.09154 3.18178L7.27392 0L8.18315 0.909084L4.09154 5L0 0.909084L0.909237 0L4.09154 3.18178Z\" fill=\"#20282D\"\/>\r\n                        <\/svg>\r\n                    <\/span>                <\/h5>\r\n                <div id=\"pxl_accordion-77ccddb-6558-7c44ac7\" class=\"pxl-accordion--content\" >Yes, EMY logistics <b>From Turkey to Europe, UK, Middle East and other international destinations<\/b> road, sea and air transport services we offer.<\/div>\r\n            <\/div>\r\n                    <div class=\"pxl--item\">\r\n                <h5 class=\"pxl-accordion--title\" data-target=\"#pxl_accordion-77ccddb-6558-1071d7a\">\r\n                    <div class=\"pxl-title--number pxl-empty\"><\/div>\r\n                                        <span class=\"pxl-title--text\">3. A partial transport service do you have?<\/span>\r\n                    <span class=\"pxl-icon--action\">\r\n                        <svg xmlns=\"http:\/\/www.w3.org\/2000\/svg\" width=\"9\" height=\"5\" viewbox=\"0 0 9 5\" fill=\"none\">\r\n                            <path d=\"M4.09154 3.18178L7.27392 0L8.18315 0.909084L4.09154 5L0 0.909084L0.909237 0L4.09154 3.18178Z\" fill=\"#20282D\"\/>\r\n                        <\/svg>\r\n                    <\/span>                <\/h5>\r\n                <div id=\"pxl_accordion-77ccddb-6558-1071d7a\" class=\"pxl-accordion--content\" >Yes <b>that do not require the full capacity for partial loads (LTL) transportation services<\/b> offer. In this way, <b>more cost-effective and flexible transport solutions we provide.<\/b><\/div>\r\n            <\/div>\r\n                    <div class=\"pxl--item active\">\r\n                <h5 class=\"pxl-accordion--title\" data-target=\"#pxl_accordion-77ccddb-6558-fd43acf\">\r\n                    <div class=\"pxl-title--number pxl-empty\"><\/div>\r\n                                        <span class=\"pxl-title--text\">4. Frigo (cold chain) do you transport?<\/span>\r\n                    <span class=\"pxl-icon--action\">\r\n                        <svg xmlns=\"http:\/\/www.w3.org\/2000\/svg\" width=\"9\" height=\"5\" viewbox=\"0 0 9 5\" fill=\"none\">\r\n                            <path d=\"M4.09154 3.18178L7.27392 0L8.18315 0.909084L4.09154 5L0 0.909084L0.909237 0L4.09154 3.18178Z\" fill=\"#20282D\"\/>\r\n                        <\/svg>\r\n                    <\/span>                <\/h5>\r\n                <div id=\"pxl_accordion-77ccddb-6558-fd43acf\" class=\"pxl-accordion--content\" style=\"display: block;\">Yes, food, medicine, and for temperature sensitive products <b>-25\u00b0C to +25\u00b0C between the temperature-controlled transportation service<\/b> offer.<\/div>\r\n            <\/div>\r\n                    <div class=\"pxl--item\">\r\n                <h5 class=\"pxl-accordion--title\" data-target=\"#pxl_accordion-77ccddb-6558-d2fab23\">\r\n                    <div class=\"pxl-title--number pxl-empty\"><\/div>\r\n                                        <span class=\"pxl-title--text\">5. Dangerous goods (ADR) transport service do you have?<\/span>\r\n                    <span class=\"pxl-icon--action\">\r\n                        <svg xmlns=\"http:\/\/www.w3.org\/2000\/svg\" width=\"9\" height=\"5\" viewbox=\"0 0 9 5\" fill=\"none\">\r\n                            <path d=\"M4.09154 3.18178L7.27392 0L8.18315 0.909084L4.09154 5L0 0.909084L0.909237 0L4.09154 3.18178Z\" fill=\"#20282D\"\/>\r\n                        <\/svg>\r\n                    <\/span>                <\/h5>\r\n                <div id=\"pxl_accordion-77ccddb-6558-d2fab23\" class=\"pxl-accordion--content\" >Yes, EMY Logistics as <b>ADR, IATA, DGR, and IMDG transport of dangerous goods in accordance with the regulations<\/b> the service we give. Flammable, hazardous materials, chemical and industrial <b>we carry our tools and our expert team of certified safely.<\/b><\/div>\r\n            <\/div>\r\n            <\/div>\r\n\t\t\t\t<\/div>\n\t\t\t\t<\/div>\n\t\t\t\t<\/div>\r\n\t\t<div class=\"elementor-element elementor-element-38193a3 e-con-full e-flex pxl-section-overflow-visible pxl-column-none pxl-section-fix-none pxl-bg-color-none e-con e-child\" data-id=\"38193a3\" data-element_type=\"container\">\t\t<div class=\"elementor-element elementor-element-5383174 elementor-invisible elementor-widget elementor-widget-pxl_accordion\" data-id=\"5383174\" data-element_type=\"widget\" data-settings=\"{&quot;_animation&quot;:&quot;fadeInRight&quot;}\" data-widget_type=\"pxl_accordion.default\">\n\t\t\t\t<div class=\"elementor-widget-container\">\n\t\t\t\t\t    <div class=\"pxl-accordion pxl-accordion2 style-default\" data-wow-delay=\"ms\">\r\n                    <div class=\"pxl--item\">\r\n                <h5 class=\"pxl-accordion--title\" data-target=\"#pxl_accordion-5383174-4252-e66d8fc\">\r\n                    <div class=\"pxl-title--number pxl-empty\"><\/div>\r\n                                        <span class=\"pxl-title--text\">6. Customs clearance service do you provide?<\/span>\r\n                    <span class=\"pxl-icon--action\">\r\n                        <svg xmlns=\"http:\/\/www.w3.org\/2000\/svg\" width=\"9\" height=\"5\" viewbox=\"0 0 9 5\" fill=\"none\">\r\n                            <path d=\"M4.09154 3.18178L7.27392 0L8.18315 0.909084L4.09154 5L0 0.909084L0.909237 0L4.09154 3.18178Z\" fill=\"#20282D\"\/>\r\n                        <\/svg>\r\n                    <\/span>                <\/h5>\r\n                <div id=\"pxl_accordion-5383174-4252-e66d8fc\" class=\"pxl-accordion--content\" >Yes, international shipping is within the scope of our services <b>the customs clearance process manages the document we provide complete support for export and import operations.<\/b><\/div>\r\n            <\/div>\r\n                    <div class=\"pxl--item active\">\r\n                <h5 class=\"pxl-accordion--title\" data-target=\"#pxl_accordion-5383174-4252-7c44ac7\">\r\n                    <div class=\"pxl-title--number pxl-empty\"><\/div>\r\n                                        <span class=\"pxl-title--text\">7. My load, How can I follow it?<\/span>\r\n                    <span class=\"pxl-icon--action\">\r\n                        <svg xmlns=\"http:\/\/www.w3.org\/2000\/svg\" width=\"9\" height=\"5\" viewbox=\"0 0 9 5\" fill=\"none\">\r\n                            <path d=\"M4.09154 3.18178L7.27392 0L8.18315 0.909084L4.09154 5L0 0.909084L0.909237 0L4.09154 3.18178Z\" fill=\"#20282D\"\/>\r\n                        <\/svg>\r\n                    <\/span>                <\/h5>\r\n                <div id=\"pxl_accordion-5383174-4252-7c44ac7\" class=\"pxl-accordion--content\" style=\"display: block;\">EMY Logistics as <b>digital tracking system is able to monitor all of our shipping processes instantly and you can track the location of the load in real time.<\/b><\/div>\r\n            <\/div>\r\n                    <div class=\"pxl--item\">\r\n                <h5 class=\"pxl-accordion--title\" data-target=\"#pxl_accordion-5383174-4252-1071d7a\">\r\n                    <div class=\"pxl-title--number pxl-empty\"><\/div>\r\n                                        <span class=\"pxl-title--text\">8. Express delivery service for urgent shipments do you have?<\/span>\r\n                    <span class=\"pxl-icon--action\">\r\n                        <svg xmlns=\"http:\/\/www.w3.org\/2000\/svg\" width=\"9\" height=\"5\" viewbox=\"0 0 9 5\" fill=\"none\">\r\n                            <path d=\"M4.09154 3.18178L7.27392 0L8.18315 0.909084L4.09154 5L0 0.909084L0.909237 0L4.09154 3.18178Z\" fill=\"#20282D\"\/>\r\n                        <\/svg>\r\n                    <\/span>                <\/h5>\r\n                <div id=\"pxl_accordion-5383174-4252-1071d7a\" class=\"pxl-accordion--content\" >Yes <b>we provide solutions minivan express delivery<\/b> Your a load of 1250 kg <b>Within 48-72 hours, we do door to door delivery from Turkey to Europe and the UK.<\/b><\/div>\r\n            <\/div>\r\n                    <div class=\"pxl--item\">\r\n                <h5 class=\"pxl-accordion--title\" data-target=\"#pxl_accordion-5383174-4252-fd43acf\">\r\n                    <div class=\"pxl-title--number pxl-empty\"><\/div>\r\n                                        <span class=\"pxl-title--text\">9. Warehousing and Distribution Services do you offer?<\/span>\r\n                    <span class=\"pxl-icon--action\">\r\n                        <svg xmlns=\"http:\/\/www.w3.org\/2000\/svg\" width=\"9\" height=\"5\" viewbox=\"0 0 9 5\" fill=\"none\">\r\n                            <path d=\"M4.09154 3.18178L7.27392 0L8.18315 0.909084L4.09154 5L0 0.909084L0.909237 0L4.09154 3.18178Z\" fill=\"#20282D\"\/>\r\n                        <\/svg>\r\n                    <\/span>                <\/h5>\r\n                <div id=\"pxl_accordion-5383174-4252-fd43acf\" class=\"pxl-accordion--content\" >Yes, EMY logistics <b>dutiable and duty-free storage, cold storage, inventory management and store\/branch distribution services we offer.<\/b><\/div>\r\n            <\/div>\r\n                    <div class=\"pxl--item\">\r\n                <h5 class=\"pxl-accordion--title\" data-target=\"#pxl_accordion-5383174-4252-d2fab23\">\r\n                    <div class=\"pxl-title--number pxl-empty\"><\/div>\r\n                                        <span class=\"pxl-title--text\">10. Domestic transportation do you provide?<\/span>\r\n                    <span class=\"pxl-icon--action\">\r\n                        <svg xmlns=\"http:\/\/www.w3.org\/2000\/svg\" width=\"9\" height=\"5\" viewbox=\"0 0 9 5\" fill=\"none\">\r\n                            <path d=\"M4.09154 3.18178L7.27392 0L8.18315 0.909084L4.09154 5L0 0.909084L0.909237 0L4.09154 3.18178Z\" fill=\"#20282D\"\/>\r\n                        <\/svg>\r\n                    <\/span>                <\/h5>\r\n                <div id=\"pxl_accordion-5383174-4252-d2fab23\" class=\"pxl-accordion--content\" >Yes, Turkey <b>full (FTL), partial (LTL), long-distance and local transportation logistics solutions by providing fast and reliable services we provide.<\/b><\/div>\r\n            <\/div>\r\n            <\/div>\r\n\t\t\t\t<\/div>\n\t\t\t\t<\/div>\n\t\t\t\t<\/div>\r\n\t\t\t\t<\/div>\r\n\t\t\t\t\t<\/div>\r\n\t\t\t\t<\/div>\r\n\t\t<div class=\"elementor-element elementor-element-34c9dc8 e-flex e-con-boxed pxl-section-overflow-visible pxl-column-none pxl-section-fix-none pxl-bg-color-none e-con e-parent\" data-id=\"34c9dc8\" data-element_type=\"container\">\t\t\t<div class=\"e-con-inner\">\r\n\t\t<div class=\"elementor-element elementor-element-b59803e e-con-full e-flex pxl-section-overflow-visible pxl-column-none pxl-section-fix-none pxl-bg-color-none e-con e-child\" data-id=\"b59803e\" data-element_type=\"container\"><div class=\"elementor-element elementor-element-ee04c50 e-con-full e-flex pxl-section-overflow-visible pxl-column-none pxl-section-fix-none pxl-bg-color-none e-con e-child\" data-id=\"ee04c50\" data-element_type=\"container\"><div class=\"elementor-element elementor-element-5d97b20 e-con-full e-flex pxl-section-overflow-visible pxl-column-none pxl-section-fix-none pxl-bg-color-none elementor-invisible e-con e-child\" data-id=\"5d97b20\" data-element_type=\"container\" data-settings=\"{&quot;animation&quot;:&quot;fadeInLeft&quot;}\">\t\t<div class=\"elementor-element elementor-element-e29a3ed elementor-widget elementor-widget-pxl_contact_form\" data-id=\"e29a3ed\" data-element_type=\"widget\" data-widget_type=\"pxl_contact_form.default\">\n\t\t\t\t<div class=\"elementor-widget-container\">\n\t\t\t\t\t    <div class=\"pxl-contact-form pxl-contact-form1 btn-w-auto  style-1\" data-wow-delay=\"ms\">\r\n        \n<div class=\"wpcf7 no-js\" id=\"wpcf7-f1416-o1\" lang=\"en-US\" dir=\"ltr\" data-wpcf7-id=\"1416\">\n<div class=\"screen-reader-response\"><p role=\"status\" aria-live=\"polite\" aria-atomic=\"true\"><\/p> <ul><\/ul><\/div>\n<form action=\"\/en\/wp-json\/wp\/v2\/pages\/2040#wpcf7-f1416-o1\" method=\"post\" class=\"wpcf7-form init\" aria-label=\"Contact form\" novalidate=\"novalidate\" data-status=\"init\" data-trp-original-action=\"\/en\/wp-json\/wp\/v2\/pages\/2040#wpcf7-f1416-o1\">\n<fieldset class=\"hidden-fields-container\"><input type=\"hidden\" name=\"_wpcf7\" value=\"1416\" \/><input type=\"hidden\" name=\"_wpcf7_version\" value=\"6.1.3\" \/><input type=\"hidden\" name=\"_wpcf7_locale\" value=\"en_US\" \/><input type=\"hidden\" name=\"_wpcf7_unit_tag\" value=\"wpcf7-f1416-o1\" \/><input type=\"hidden\" name=\"_wpcf7_container_post\" value=\"0\" \/><input type=\"hidden\" name=\"_wpcf7_posted_data_hash\" value=\"\" \/>\n<\/fieldset>\n<div class=\"contactform3\">\n\t<h2 class=\"contact-title\"> Contact Us\n\t<\/h2>\n\t<div class=\"contact-inner\">\n\t\t<div class=\"contact-item\">\n\t\t\t<p><span class=\"wpcf7-form-control-wrap\" data-name=\"text-802\"><input size=\"40\" maxlength=\"400\" class=\"wpcf7-form-control wpcf7-text wpcf7-validates-as-required\" aria-required=\"true\" aria-invalid=\"false\" placeholder=\"Your name\" value=\"\" type=\"text\" name=\"text-802\" \/><\/span>\n\t\t\t<\/p>\n\t\t<\/div>\n\t\t<div class=\"contact-item\">\n\t\t\t<p><span class=\"wpcf7-form-control-wrap\" data-name=\"your-email\"><input size=\"40\" maxlength=\"400\" class=\"wpcf7-form-control wpcf7-email wpcf7-validates-as-required wpcf7-text wpcf7-validates-as-email\" aria-required=\"true\" aria-invalid=\"false\" placeholder=\"E-Mail Address\" value=\"\" type=\"email\" name=\"your-email\" \/><\/span>\n\t\t\t<\/p>\n\t\t<\/div>\n\t\t<div class=\"contact-item\">\n\t\t\t<p><span class=\"wpcf7-form-control-wrap\" data-name=\"text-230\"><input size=\"40\" maxlength=\"400\" class=\"wpcf7-form-control wpcf7-text wpcf7-validates-as-required\" aria-required=\"true\" aria-invalid=\"false\" placeholder=\"Your company\" value=\"\" type=\"text\" name=\"text-230\" \/><\/span>\n\t\t\t<\/p>\n\t\t<\/div>\n\t\t<div class=\"contact-item\">\n\t\t\t<p><span class=\"wpcf7-form-control-wrap\" data-name=\"tel-255\"><input size=\"40\" maxlength=\"400\" class=\"wpcf7-form-control wpcf7-tel wpcf7-validates-as-required wpcf7-text wpcf7-validates-as-tel\" aria-required=\"true\" aria-invalid=\"false\" placeholder=\"Your Phone Number\" value=\"\" type=\"tel\" name=\"tel-255\" \/><\/span>\n\t\t\t<\/p>\n\t\t<\/div>\n\t\t<div class=\"contact-item\">\n\t\t\t<p><span class=\"wpcf7-form-control-wrap\" data-name=\"textarea-627\"><textarea cols=\"40\" rows=\"10\" maxlength=\"2000\" class=\"wpcf7-form-control wpcf7-textarea wpcf7-validates-as-required\" aria-required=\"true\" aria-invalid=\"false\" placeholder=\"Message is...\" name=\"textarea-627\"><\/textarea><\/span>\n\t\t\t<\/p>\n\t\t<\/div>\n\t\t<div class=\"contact-button\">\n\t\t\t<p><button type=\"submit\" class=\"submit-button\"><span> Send <\/span> <i class=\"pxl-icon--default flaticon flaticon-up-right-arrow\"><\/i><\/button>\n\t\t\t<\/p>\n\t\t<\/div>\n\t<\/div>\n<\/div><div class=\"wpcf7-response-output\" aria-hidden=\"true\"><\/div>\n<input type=\"hidden\" name=\"trp-form-language\" value=\"en\"\/><\/form>\n<\/div>\n    <\/div>\r\n\t\t\t\t<\/div>\n\t\t\t\t<\/div>\n\t\t\t\t<\/div>\r\n\t\t\t\t<\/div>\r\n\t\t<div class=\"elementor-element elementor-element-8aecffc e-con-full e-flex pxl-section-overflow-visible pxl-column-none pxl-section-fix-none pxl-bg-color-none elementor-invisible e-con e-child\" data-id=\"8aecffc\" data-element_type=\"container\" data-settings=\"{&quot;animation&quot;:&quot;fadeInRight&quot;}\">\t\t<div class=\"elementor-element elementor-element-3eab673 elementor-widget elementor-widget-pxl_image\" data-id=\"3eab673\" data-element_type=\"widget\" data-widget_type=\"pxl_image.default\">\n\t\t\t\t<div class=\"elementor-widget-container\">\n\t\t\t\t\t<div id=\"pxl_image-3eab673-6408\" class=\"pxl-image-single pxl-disable-parallax-sm\" data-wow-delay=\"ms\"  >\r\n    <div class=\"pxl-item--inner\" data-wow-delay=\"120ms\">\r\n                \r\n                                <div class=\"pxl-item--image\" data-parallax-value=\"\">\r\n                                                    <img fetchpriority=\"high\" decoding=\"async\" class=\"no-lazyload\" src=\"https:\/\/emylogistics.com\/wp-content\/uploads\/2025\/10\/yenivzyon-596x674.jpeg\" width=\"596\" height=\"674\" alt=\"yenivzyon\" title=\"yenivzyon\" \/>                                                                    <\/div>\r\n                                <\/div>\r\n<\/div>\t\t\t\t<\/div>\n\t\t\t\t<\/div>\n\t\t\t\t<\/div>\r\n\t\t\t\t<\/div>\r\n\t\t\t\t\t<\/div>\r\n\t\t\t\t<\/div>\r\n\t\t\t\t<\/div>","protected":false},"excerpt":{"rendered":"<p>EMY Logistics S\u0131k\u00e7a Sorulan Sorular 1. EMY Logistics hangi sekt\u00f6rlere lojistik hizmeti sunuyor? EMY Logistics, otomotiv, in\u015faat, g\u0131da, kimya, tekstil, makine ve sanayi, perakende ve e-ticaret gibi bir\u00e7ok sekt\u00f6re \u00f6zel lojistik \u00e7\u00f6z\u00fcmleri sunmaktad\u0131r. 2. Uluslararas\u0131 ta\u015f\u0131mac\u0131l\u0131k yap\u0131yor musunuz? Evet, EMY Logistics olarak T\u00fcrkiye\u2019den Avrupa, \u0130ngiltere, Orta Do\u011fu ve di\u011fer uluslararas\u0131 destinasyonlara karayolu, denizyolu ve havayolu [&hellip;]<\/p>","protected":false},"author":1,"featured_media":0,"parent":0,"menu_order":0,"comment_status":"closed","ping_status":"closed","template":"","meta":{"footnotes":""},"class_list":["post-2040","page","type-page","status-publish","hentry"],"_links":{"self":[{"href":"https:\/\/emylogistics.com\/en\/wp-json\/wp\/v2\/pages\/2040","targetHints":{"allow":["GET"]}}],"collection":[{"href":"https:\/\/emylogistics.com\/en\/wp-json\/wp\/v2\/pages"}],"about":[{"href":"https:\/\/emylogistics.com\/en\/wp-json\/wp\/v2\/types\/page"}],"author":[{"embeddable":true,"href":"https:\/\/emylogistics.com\/en\/wp-json\/wp\/v2\/users\/1"}],"replies":[{"embeddable":true,"href":"https:\/\/emylogistics.com\/en\/wp-json\/wp\/v2\/comments?post=2040"}],"version-history":[{"count":7,"href":"https:\/\/emylogistics.com\/en\/wp-json\/wp\/v2\/pages\/2040\/revisions"}],"predecessor-version":[{"id":15433,"href":"https:\/\/emylogistics.com\/en\/wp-json\/wp\/v2\/pages\/2040\/revisions\/15433"}],"wp:attachment":[{"href":"https:\/\/emylogistics.com\/en\/wp-json\/wp\/v2\/media?parent=2040"}],"curies":[{"name":"wp","href":"https:\/\/api.w.org\/{rel}","templated":true}]}}