{"id":15734,"date":"2025-10-07T17:38:45","date_gmt":"2025-10-07T14:38:45","guid":{"rendered":"https:\/\/emylogistics.com\/?page_id=15734"},"modified":"2025-10-07T17:39:53","modified_gmt":"2025-10-07T14:39:53","slug":"teklif-alin","status":"publish","type":"page","link":"https:\/\/emylogistics.com\/en\/teklif-alin\/","title":{"rendered":"Get A Quote"},"content":{"rendered":"<div data-elementor-type=\"wp-page\" data-elementor-id=\"15734\" class=\"elementor elementor-15734\">\n\t\t\t\t<div class=\"elementor-element elementor-element-f16aec0 e-flex e-con-boxed pxl-section-overflow-visible pxl-column-none pxl-section-fix-none pxl-bg-color-none e-con e-parent\" data-id=\"f16aec0\" data-element_type=\"container\">\t\t\t<div class=\"e-con-inner\">\r\n\t\t\t\t<div class=\"elementor-element elementor-element-a0a3dc8 fluentform-widget-submit-button-custom elementor-widget elementor-widget-fluent-form-widget\" data-id=\"a0a3dc8\" data-element_type=\"widget\" data-widget_type=\"fluent-form-widget.default\">\n\t\t\t\t<div class=\"elementor-widget-container\">\n\t\t\t\t\t\n            <div class=\"fluentform-widget-wrapper fluentform-widget-align-default\">\n\n                            <div class=\"fluentform-widget-heading\">\n                                        <h3 class=\"fluentform-widget-title\">\n                        Get A Quote                    <\/h3>\n                                                        <\/div>\n            \n            <div class='fluentform ff-default fluentform_wrapper_3 ffs_default_wrap'><form data-form_id=\"3\" id=\"fluentform_3\" class=\"frm-fluent-form fluent_form_3 ff-el-form-top ff_form_instance_3_1 ff-form-loading ffs_default\" data-form_instance=\"ff_form_instance_3_1\" method=\"POST\" action=\"\" ><fieldset  style=\"border: none!important;margin: 0!important;padding: 0!important;background-color: transparent!important;box-shadow: none!important;outline: none!important; min-inline-size: 100%;\">\n                    <legend class=\"ff_screen_reader_title\" style=\"display: block; margin: 0!important;padding: 0!important;height: 0!important;text-indent: -999999px;width: 0!important;overflow:hidden;\">The Quote Form<\/legend><input type='hidden' name='__fluent_form_embded_post_id' value='15734' \/><input type=\"hidden\" id=\"_fluentform_3_fluentformnonce\" name=\"_fluentform_3_fluentformnonce\" value=\"e7ef34aaf2\" \/><input type=\"hidden\" name=\"_wp_http_referer\" value=\"\/en\/wp-json\/wp\/v2\/pages\/15734\" \/><div data-type=\"name-element\" data-name=\"names\" class=\"ff-field_container ff-name-field-wrapper\" ><div class='ff-t-container'><div class='ff-t-cell'><div class='ff-el-group ff-el-form-top'><div class=\"ff-el-input--label ff-el-is-required asterisk-right\"><label for='ff_3_names_first_name_' id='label_ff_3_names_first_name_' >Your name<\/label><\/div><div class='ff-el-input--content'><input type=\"text\" name=\"names[first_name]\" id=\"ff_3_names_first_name_\" class=\"ff-el-form-control\" placeholder=\"Enter your name...\" aria-invalid=\"false\" aria-required=\"true\"><\/div><\/div><\/div><div class='ff-t-cell'><div class='ff-el-group ff-el-form-top'><div class=\"ff-el-input--label ff-el-is-required asterisk-right\"><label for='ff_3_names_last_name_' id='label_ff_3_names_last_name_' >Your Last Name<\/label><\/div><div class='ff-el-input--content'><input type=\"text\" name=\"names[last_name]\" id=\"ff_3_names_last_name_\" class=\"ff-el-form-control\" placeholder=\"Enter your last name...\" aria-invalid=\"false\" aria-required=\"true\"><\/div><\/div><\/div><\/div><\/div><div data-name=\"ff_cn_id_1\"  class='ff-t-container ff-column-container ff_columns_total_2 form-padding-top'><div class='ff-t-cell ff-t-column-1' style='flex-basis: 50%;'><div class='ff-el-group'><div class=\"ff-el-input--label ff-el-is-required asterisk-right\"><label for='ff_3_input_text' id='label_ff_3_input_text' aria-label=\"Your Phone Number\">Your Phone Number<\/label><\/div><div class='ff-el-input--content'><input type=\"text\" name=\"input_text\" class=\"ff-el-form-control\" placeholder=\"Enter your phone number... (Example: +90 212 872 24 44)\" data-name=\"input_text\" id=\"ff_3_input_text\"  aria-invalid=\"false\" aria-required=\"true\"><\/div><\/div><\/div><div class='ff-t-cell ff-t-column-2' style='flex-basis: 50%;'><div class='ff-el-group'><div class=\"ff-el-input--label ff-el-is-required asterisk-right\"><label for='ff_3_email' id='label_ff_3_email' aria-label=\"E-mail address\">E-mail address<\/label><\/div><div class='ff-el-input--content'><input type=\"email\" name=\"email\" id=\"ff_3_email\" class=\"ff-el-form-control\" placeholder=\"Your e-mail address Enter...\" data-name=\"email\"  aria-invalid=\"false\" aria-required=\"true\"><\/div><\/div><\/div><\/div><div class='ff-el-group form-padding-top ff_list_2col'><div class=\"ff-el-input--label ff-el-is-required asterisk-right\"><label   aria-label=\"Logistics Mode\">Logistics Mode<\/label><\/div><div class='ff-el-input--content'><div class='ff-el-form-check ff-el-form-check-'><label class='ff-el-form-check-label'><input  type=\"radio\" name=\"input_radio\" data-name=\"input_radio\" class=\"ff-el-form-check-input ff-el-form-check-radio\" value=\"Parsiyel Y\u00fck (LTL) Sevkiyat\u0131\"  id='input_radio_cd77b6951828c71e86cde598578c6c70' aria-label='Partial load (LTL) Shipments' aria-invalid='false' aria-required=\"true\"> <span>Partial load (LTL) Shipments<\/span><\/label><\/div><div class='ff-el-form-check ff-el-form-check-'><label class='ff-el-form-check-label'><input  type=\"radio\" name=\"input_radio\" data-name=\"input_radio\" class=\"ff-el-form-check-input ff-el-form-check-radio\" value=\"Tam Kamyon Y\u00fck\u00fc (TL) Sevkiyat\u0131\"  id='input_radio_0ed3ab8511b5ba3a3f4c75c5c2f696d4' aria-label='Full truck load (TL) Shipments' aria-invalid='false' aria-required=\"true\"> <span>Full truck load (TL) Shipments<\/span><\/label><\/div><\/div><\/div><div data-name=\"ff_cn_id_2\"  class='ff-t-container ff-column-container ff_columns_total_2 form-padding-top'><div class='ff-t-cell ff-t-column-1' style='flex-basis: 50%;'><div class='ff-el-group'><div class=\"ff-el-input--label ff-el-is-required asterisk-right\"><label for='ff_3_input_text_1' id='label_ff_3_input_text_1' aria-label=\"The Starting Position\">The Starting Position<\/label><\/div><div class='ff-el-input--content'><input type=\"text\" name=\"input_text_1\" class=\"ff-el-form-control\" placeholder=\"Enter the starting position (of the city or zip code)\" data-name=\"input_text_1\" id=\"ff_3_input_text_1\"  aria-invalid=\"false\" aria-required=\"true\"><\/div><\/div><\/div><div class='ff-t-cell ff-t-column-2' style='flex-basis: 50%;'><div class='ff-el-group  ff_list_2col'><div class=\"ff-el-input--label asterisk-right\"><label   aria-label=\"Purchase Extra Services For\">Purchase Extra Services For<\/label><\/div><div class='ff-el-input--content'><div class='ff-el-form-check ff-el-form-check-'><label class='ff-el-form-check-label'><input  type=\"radio\" name=\"input_radio_1\" data-name=\"input_radio_1\" class=\"ff-el-form-check-input ff-el-form-check-radio\" value=\"Al\u0131m Noktas\u0131nda Asans\u00f6r\"  id='input_radio_1_5b46072998dd8ed5694ebeb3aadf5eec' aria-label='Lift At The Point Of Purchase' aria-invalid='false' aria-required=\"false\"> <span>Lift At The Point Of Purchase<\/span><\/label><\/div><div class='ff-el-form-check ff-el-form-check-'><label class='ff-el-form-check-label'><input  type=\"radio\" name=\"input_radio_1\" data-name=\"input_radio_1\" class=\"ff-el-form-check-input ff-el-form-check-radio\" value=\"S\u0131n\u0131rl\u0131 Eri\u015fimden Y\u00fck Al\u0131m\u0131\"  id='input_radio_1_c07256766e0ac5b953a075a9838927e6' aria-label='Limited Access Load From Intake' aria-invalid='false' aria-required=\"false\"> <span>Limited Access Load From Intake<\/span><\/label><\/div><\/div><\/div><\/div><\/div><div data-name=\"ff_cn_id_3\"  class='ff-t-container ff-column-container ff_columns_total_2 form-padding-top'><div class='ff-t-cell ff-t-column-1' style='flex-basis: 50%;'><div class='ff-el-group'><div class=\"ff-el-input--label ff-el-is-required asterisk-right\"><label for='ff_3_input_text_2' id='label_ff_3_input_text_2' aria-label=\"Arrival Location\">Arrival Location<\/label><\/div><div class='ff-el-input--content'><input type=\"text\" name=\"input_text_2\" class=\"ff-el-form-control\" placeholder=\"Enter... our arrival subject (city or zip code)\" data-name=\"input_text_2\" id=\"ff_3_input_text_2\"  aria-invalid=\"false\" aria-required=\"true\"><\/div><\/div><\/div><div class='ff-t-cell ff-t-column-2' style='flex-basis: 50%;'><div class='ff-el-group  ff_list_2col'><div class=\"ff-el-input--label asterisk-right\"><label   aria-label=\"For Extra Delivery Services\">For Extra Delivery Services<\/label><\/div><div class='ff-el-input--content'><div class='ff-el-form-check ff-el-form-check-'><label class='ff-el-form-check-label'><input  type=\"radio\" name=\"input_radio_2\" data-name=\"input_radio_2\" class=\"ff-el-form-check-input ff-el-form-check-radio\" value=\"Teslimattan \u00d6nce Arama\"  id='input_radio_2_9a1e6e0d37387aeef8cd49901d34c0c9' aria-label='Search Before Delivery' aria-invalid='false' aria-required=\"false\"> <span>Search Before Delivery<\/span><\/label><\/div><div class='ff-el-form-check ff-el-form-check-'><label class='ff-el-form-check-label'><input  type=\"radio\" name=\"input_radio_2\" data-name=\"input_radio_2\" class=\"ff-el-form-check-input ff-el-form-check-radio\" value=\"Teslimat Noktas\u0131nda Asans\u00f6r\"  id='input_radio_2_e3c783f5a7245aad69ac0e71940c5f03' aria-label='Lift At The Point Of Delivery' aria-invalid='false' aria-required=\"false\"> <span>Lift At The Point Of Delivery<\/span><\/label><\/div><div class='ff-el-form-check ff-el-form-check-'><label class='ff-el-form-check-label'><input  type=\"radio\" name=\"input_radio_2\" data-name=\"input_radio_2\" class=\"ff-el-form-check-input ff-el-form-check-radio\" value=\"S\u0131n\u0131rl\u0131 Eri\u015fime Teslimat\"  id='input_radio_2_3e206b788318216ec0cfa01f154a7326' aria-label='Limited Access Delivery' aria-invalid='false' aria-required=\"false\"> <span>Limited Access Delivery<\/span><\/label><\/div><div class='ff-el-form-check ff-el-form-check-'><label class='ff-el-form-check-label'><input  type=\"radio\" name=\"input_radio_2\" data-name=\"input_radio_2\" class=\"ff-el-form-check-input ff-el-form-check-radio\" value=\"Tehlikeli Madde\"  id='input_radio_2_a5672af2c7dd2223932e0d7c13b5ad1f' aria-label='Hazardous Materials' aria-invalid='false' aria-required=\"false\"> <span>Hazardous Materials<\/span><\/label><\/div><\/div><\/div><\/div><\/div><div data-name=\"ff_cn_id_4\"  class='ff-t-container ff-column-container ff_columns_total_2 form-padding-top'><div class='ff-t-cell ff-t-column-1' style='flex-basis: 50%;'><div class='ff-el-group'><div class=\"ff-el-input--label ff-el-is-required asterisk-right\"><label for='ff_3_dropdown' id='label_ff_3_dropdown' aria-label=\"Purchase Location Type\">Purchase Location Type<\/label><\/div><div class='ff-el-input--content'><select name=\"dropdown\" id=\"ff_3_dropdown\" class=\"ff-el-form-control\" data-name=\"dropdown\" data-calc_value=\"0\"  aria-invalid=\"false\" aria-required=\"true\" aria-labelledby=\"label_ff_3_dropdown\"><option value=\"\">Please Select The Type Of Delivery Location<\/option><option value=\"\u0130\u015f\"  >Business<\/option><option value=\"\u0130n\u015faat Alan\u0131\"  >Construction Area<\/option><option value=\"Kongre Merkezi veya Fuar\"  >Convention Center or exhibition<\/option><option value=\"Y\u00fck Ta\u015f\u0131y\u0131c\u0131 Terminali\"  >Load Carrier Terminal<\/option><option value=\"Evde \u0130\u015f Kurma\"  >Setting Up A Business At Home<\/option><option value=\"Askeri \u00dcs\"  >Military Base<\/option><option value=\"Mini Depolama \/ Self Storage Tesisi\"  >Mini Storage \/ Self Storage Facility<\/option><option value=\"Dini Kurum\"  >Religious Institution<\/option><option value=\"Konut \/ Ev\"  >Residential \/ Home<\/option><\/select><\/div><\/div><\/div><div class='ff-t-cell ff-t-column-2' style='flex-basis: 50%;'><div class='ff-el-group'><div class=\"ff-el-input--label ff-el-is-required asterisk-right\"><label for='ff_3_dropdown_1' id='label_ff_3_dropdown_1' aria-label=\"Type Delivery Location\">Type Delivery Location<\/label><\/div><div class='ff-el-input--content'><select name=\"dropdown_1\" id=\"ff_3_dropdown_1\" class=\"ff-el-form-control\" data-name=\"dropdown_1\" data-calc_value=\"0\"  aria-invalid=\"false\" aria-required=\"true\" aria-labelledby=\"label_ff_3_dropdown_1\"><option value=\"\">Please Select The Type Of Delivery Location<\/option><option value=\"\u0130\u015f\"  >Business<\/option><option value=\"\u0130n\u015faat Alan\u0131\"  >Construction Area<\/option><option value=\"Kongre Merkezi veya Fuar\"  >Convention Center or exhibition<\/option><option value=\"Y\u00fck Ta\u015f\u0131y\u0131c\u0131 Terminali\"  >Load Carrier Terminal<\/option><option value=\"Evde \u0130\u015f Kurma\"  >Setting Up A Business At Home<\/option><option value=\"Askeri \u00dcs\"  >Military Base<\/option><option value=\"Mini Depolama \/ Self Storage Tesisi\"  >Mini Storage \/ Self Storage Facility<\/option><option value=\"Dini Kurum\"  >Religious Institution<\/option><option value=\"Konut \/ Ev\"  >Residential \/ Home<\/option><\/select><\/div><\/div><\/div><\/div><div data-name=\"ff_cn_id_5\"  class='ff-t-container ff-column-container ff_columns_total_2 form-padding-top'><div class='ff-t-cell ff-t-column-1' style='flex-basis: 50%;'><div class='ff-el-group'><div class=\"ff-el-input--label asterisk-right\"><label for='ff_3_dropdown_2' id='label_ff_3_dropdown_2' aria-label=\"Packaging\">Packaging<\/label><\/div><div class='ff-el-input--content'><select name=\"dropdown_2\" id=\"ff_3_dropdown_2\" class=\"ff-el-form-control\" data-name=\"dropdown_2\" data-calc_value=\"0\"  aria-invalid=\"false\" aria-required=\"false\" aria-labelledby=\"label_ff_3_dropdown_2\"><option value=\"\">Select The Type Of Packaging<\/option><option value=\"Paletler: Standart (40&quot; x 48&quot;)\"  >Pallets: Standard (40\" x 48\")<\/option><option value=\"Paletler (48&quot; x 48&quot;)\"  >Pallets (48\" x 48\")<\/option><option value=\"Paletler (60&quot; x 48&quot;)\"  >Pallets (60\" x 48\")<\/option><option value=\"Paletler (Boyutlar\u0131 Girin)\"  >Pallets (Dimensions Enter)<\/option><option value=\"Kutulu\"  >Boxed<\/option><option value=\"Sand\u0131klanm\u0131\u015f\"  >Sandiklanmi's<\/option><option value=\"Davullar ve F\u0131\u00e7\u0131lar\"  >Drums and barrels<\/option><\/select><\/div><\/div><\/div><div class='ff-t-cell ff-t-column-2' style='flex-basis: 50%;'><div class='ff-el-group'><div class=\"ff-el-input--label asterisk-right\"><label for='ff_3_dropdown_3' id='label_ff_3_dropdown_3' aria-label=\"Load Class\">Load Class<\/label><\/div><div class='ff-el-input--content'><select name=\"dropdown_3\" id=\"ff_3_dropdown_3\" class=\"ff-el-form-control\" data-name=\"dropdown_3\" data-calc_value=\"0\"  aria-invalid=\"false\" aria-required=\"false\" aria-labelledby=\"label_ff_3_dropdown_3\"><option value=\"\">Please Choose Load Class<\/option><option value=\"Bilmiyorum\"  >I don't know<\/option><option value=\"50\"  >50<\/option><option value=\"55\"  >55<\/option><option value=\"60\"  >60<\/option><option value=\"65\"  >65<\/option><option value=\"70\"  >70<\/option><option value=\"77.5\"  >77.5<\/option><option value=\"85\"  >85<\/option><option value=\"92.5\"  >92.5<\/option><option value=\"100\"  >100<\/option><option value=\"110\"  >110<\/option><option value=\"125\"  >125<\/option><option value=\"150\"  >150<\/option><option value=\"175\"  >175<\/option><option value=\"200\"  >200<\/option><option value=\"250\"  >250<\/option><option value=\"300\"  >300<\/option><option value=\"400\"  >400<\/option><option value=\"500\"  >500<\/option><\/select><\/div><\/div><\/div><\/div><div data-name=\"ff_cn_id_6\"  class='ff-t-container ff-column-container ff_columns_total_3 form-padding-top'><div class='ff-t-cell ff-t-column-1' style='flex-basis: 33.33%;'><div class='ff-el-group'><div class=\"ff-el-input--label asterisk-right\"><label for='ff_3_numeric_field_2' id='label_ff_3_numeric_field_2' aria-label=\"Total size (CM)\">Total size (CM)<\/label><\/div><div class='ff-el-input--content'><input type=\"number\" name=\"numeric_field_2\" id=\"ff_3_numeric_field_2\" class=\"ff-el-form-control\" placeholder=\"Enter total size (CM)\" data-name=\"numeric_field_2\" inputmode=\"numeric\" step=\"any\" min=\"1\" aria-valuemin=\"1\"  aria-invalid=\"false\" aria-required=\"false\"><\/div><\/div><\/div><div class='ff-t-cell ff-t-column-2' style='flex-basis: 33.33%;'><div class='ff-el-group'><div class=\"ff-el-input--label asterisk-right\"><label for='ff_3_numeric_field_1' id='label_ff_3_numeric_field_1' aria-label=\"Total weight (kg)\">Total weight (kg)<\/label><\/div><div class='ff-el-input--content'><input type=\"number\" name=\"numeric_field_1\" id=\"ff_3_numeric_field_1\" class=\"ff-el-form-control\" placeholder=\"Enter total weight (KG)\" data-name=\"numeric_field_1\" inputmode=\"numeric\" step=\"any\" min=\"1\" aria-valuemin=\"1\"  aria-invalid=\"false\" aria-required=\"false\"><\/div><\/div><\/div><div class='ff-t-cell ff-t-column-3' style='flex-basis: 33.33%;'><div class='ff-el-group'><div class=\"ff-el-input--label asterisk-right\"><label for='ff_3_numeric_field' id='label_ff_3_numeric_field' aria-label=\"Pieces\">Pieces<\/label><\/div><div class='ff-el-input--content'><input type=\"number\" name=\"numeric_field\" id=\"ff_3_numeric_field\" class=\"ff-el-form-control\" placeholder=\"Enter the details of your menstrual...\" data-name=\"numeric_field\" inputmode=\"numeric\" step=\"any\" min=\"1\" aria-valuemin=\"1\"  aria-invalid=\"false\" aria-required=\"false\"><\/div><\/div><\/div><\/div><div class='ff-el-group ff-text-center form-padding-top ff_submit_btn_wrapper'><button type=\"submit\" class=\"ff-btn ff-btn-submit ff-btn-lg ff_btn_style wpf_has_custom_css\"  aria-label=\"Buy Offer\">Buy Offer<\/button><\/div><\/fieldset><input type=\"hidden\" name=\"trp-form-language\" value=\"en\"\/><\/form><div id='fluentform_3_errors' class='ff-errors-in-stack ff_form_instance_3_1 ff-form-loading_errors ff_form_instance_3_1_errors'><\/div><\/div>            <script type=\"text\/javascript\">\n                window.fluent_form_ff_form_instance_3_1 = {\"id\":\"3\",\"settings\":{\"layout\":{\"labelPlacement\":\"top\",\"asteriskPlacement\":\"asterisk-right\",\"helpMessagePlacement\":\"with_label\",\"errorMessagePlacement\":\"inline\",\"cssClassName\":\"\"},\"restrictions\":{\"denyEmptySubmission\":{\"enabled\":false}}},\"form_instance\":\"ff_form_instance_3_1\",\"form_id_selector\":\"fluentform_3\",\"rules\":{\"names[first_name]\":{\"required\":{\"value\":true,\"message\":\"Ad\\u0131n\\u0131z\\u0131 girmeniz gerekmektedir.\",\"global_message\":\"This field is required\",\"global\":false}},\"names[middle_name]\":{\"required\":{\"value\":false,\"message\":\"This field is required\",\"global_message\":\"This field is required\",\"global\":true}},\"names[last_name]\":{\"required\":{\"value\":true,\"message\":\"Soy ad\\u0131n\\u0131z\\u0131 girmeniz gerekmektedir.\",\"global_message\":\"This field is required\",\"global\":false}},\"input_text\":{\"required\":{\"value\":true,\"message\":\"Telefon numaran\\u0131z\\u0131 girmeniz gerekmektedir.\",\"global_message\":\"This field is required\",\"global\":false}},\"email\":{\"required\":{\"value\":true,\"message\":\"E-posta adresinizi girmeniz gerekmektedir.\",\"global_message\":\"This field is required\",\"global\":false},\"email\":{\"value\":true,\"message\":\"L\\u00fctfen ge\\u00e7erli bir e-posta adresi giriniz.\",\"global_message\":\"This field must contain a valid email\",\"global\":false}},\"input_radio\":{\"required\":{\"value\":true,\"message\":\"Lojistik modunu se\\u00e7meniz gerekmektedir.\",\"global_message\":\"This field is required\",\"global\":false}},\"input_text_1\":{\"required\":{\"value\":true,\"message\":\"Ba\\u015flang\\u0131\\u00e7 konumunuzu girmeniz gerekmektedir.\",\"global_message\":\"This field is required\",\"global\":false}},\"input_radio_1\":{\"required\":{\"value\":false,\"message\":\"This field is required\",\"global_message\":\"This field is required\",\"global\":true}},\"input_text_2\":{\"required\":{\"value\":true,\"message\":\"Var\\u0131\\u015f konumunuzu girmeniz gerekmektedir.\",\"global_message\":\"This field is required\",\"global\":false}},\"input_radio_2\":{\"required\":{\"value\":false,\"message\":\"This field is required\",\"global_message\":\"This field is required\",\"global\":true}},\"dropdown\":{\"required\":{\"value\":true,\"message\":\"Al\\u0131\\u015f konum tipi se\\u00e7meniz gerekmektedir.\",\"global_message\":\"This field is required\",\"global\":false}},\"dropdown_1\":{\"required\":{\"value\":true,\"message\":\"Teslimat konum tipi se\\u00e7meniz gerekmektedir.\",\"global_message\":\"This field is required\",\"global\":false}},\"dropdown_2\":{\"required\":{\"value\":false,\"message\":\"This field is required\",\"global_message\":\"This field is required\",\"global\":true}},\"dropdown_3\":{\"required\":{\"value\":false,\"message\":\"This field is required\",\"global_message\":\"This field is required\",\"global\":true}},\"numeric_field_2\":{\"required\":{\"value\":false,\"message\":\"This field is required\",\"global_message\":\"This field is required\",\"global\":true},\"numeric\":{\"value\":true,\"message\":\"This field must contain numeric value\",\"global_message\":\"This field must contain numeric value\",\"global\":true},\"min\":{\"value\":\"1\",\"message\":\"En az 1 cm girmeniz gerekmektedir.\",\"global_message\":\"Validation fails for minimum value\",\"global\":false},\"max\":{\"value\":\"\",\"message\":\"Validation fails for maximum value\",\"global_message\":\"Validation fails for maximum value\",\"global\":true},\"digits\":{\"value\":\"\",\"message\":\"Validation fails for limited digits\",\"global_message\":\"Validation fails for limited digits\",\"global\":true}},\"numeric_field_1\":{\"required\":{\"value\":false,\"message\":\"This field is required\",\"global_message\":\"This field is required\",\"global\":true},\"numeric\":{\"value\":true,\"message\":\"This field must contain numeric value\",\"global_message\":\"This field must contain numeric value\",\"global\":true},\"min\":{\"value\":\"1\",\"message\":\"En az 1 kg a\\u011f\\u0131rl\\u0131k girmeniz gerekmektedir.\",\"global_message\":\"Validation fails for minimum value\",\"global\":false},\"max\":{\"value\":\"\",\"message\":\"Validation fails for maximum value\",\"global_message\":\"Validation fails for maximum value\",\"global\":true},\"digits\":{\"value\":\"\",\"message\":\"Validation fails for limited digits\",\"global_message\":\"Validation fails for limited digits\",\"global\":true}},\"numeric_field\":{\"required\":{\"value\":false,\"message\":\"This field is required\",\"global_message\":\"This field is required\",\"global\":true},\"numeric\":{\"value\":true,\"message\":\"This field must contain numeric value\",\"global_message\":\"This field must contain numeric value\",\"global\":true},\"min\":{\"value\":\"1\",\"message\":\"En az 1 adet girilmelidir.\",\"global_message\":\"Validation fails for minimum value\",\"global\":false},\"max\":{\"value\":\"\",\"message\":\"Validation fails for maximum value\",\"global_message\":\"Validation fails for maximum value\",\"global\":true},\"digits\":{\"value\":\"\",\"message\":\"Validation fails for limited digits\",\"global_message\":\"Validation fails for limited digits\",\"global\":true}}},\"debounce_time\":300};\n                            <\/script>\n                        <\/div>\n\n            \t\t\t\t<\/div>\n\t\t\t\t<\/div>\n\t\t\t\t\t<\/div>\r\n\t\t\t\t<\/div>\r\n\t\t\t\t<\/div>","protected":false},"excerpt":{"rendered":"<p>Teklif Al\u0131n Teklif Formu Ad\u0131n\u0131zSoy Ad\u0131n\u0131zTeklif Al<\/p>","protected":false},"author":1,"featured_media":0,"parent":0,"menu_order":0,"comment_status":"closed","ping_status":"closed","template":"","meta":{"footnotes":""},"class_list":["post-15734","page","type-page","status-publish","hentry"],"_links":{"self":[{"href":"https:\/\/emylogistics.com\/en\/wp-json\/wp\/v2\/pages\/15734","targetHints":{"allow":["GET"]}}],"collection":[{"href":"https:\/\/emylogistics.com\/en\/wp-json\/wp\/v2\/pages"}],"about":[{"href":"https:\/\/emylogistics.com\/en\/wp-json\/wp\/v2\/types\/page"}],"author":[{"embeddable":true,"href":"https:\/\/emylogistics.com\/en\/wp-json\/wp\/v2\/users\/1"}],"replies":[{"embeddable":true,"href":"https:\/\/emylogistics.com\/en\/wp-json\/wp\/v2\/comments?post=15734"}],"version-history":[{"count":4,"href":"https:\/\/emylogistics.com\/en\/wp-json\/wp\/v2\/pages\/15734\/revisions"}],"predecessor-version":[{"id":15738,"href":"https:\/\/emylogistics.com\/en\/wp-json\/wp\/v2\/pages\/15734\/revisions\/15738"}],"wp:attachment":[{"href":"https:\/\/emylogistics.com\/en\/wp-json\/wp\/v2\/media?parent=15734"}],"curies":[{"name":"wp","href":"https:\/\/api.w.org\/{rel}","templated":true}]}}