{"id":15626,"date":"2025-10-07T15:33:32","date_gmt":"2025-10-07T12:33:32","guid":{"rendered":"https:\/\/emylogistics.com\/?page_id=15626"},"modified":"2025-11-04T10:03:51","modified_gmt":"2025-11-04T07:03:51","slug":"sertifikalarimiz","status":"publish","type":"page","link":"https:\/\/emylogistics.com\/en\/sertifikalarimiz\/","title":{"rendered":"Our certificates"},"content":{"rendered":"<div data-elementor-type=\"wp-page\" data-elementor-id=\"15626\" class=\"elementor elementor-15626\">\n\t\t\t\t<div class=\"elementor-element elementor-element-65d436c e-flex e-con-boxed pxl-section-overflow-visible pxl-column-none pxl-section-fix-none pxl-bg-color-none e-con e-parent\" data-id=\"65d436c\" data-element_type=\"container\">\t\t\t<div class=\"e-con-inner\">\r\n\t\t\t\t<div class=\"elementor-element elementor-element-3bfa8c9 elementor-widget elementor-widget-spacer\" data-id=\"3bfa8c9\" data-element_type=\"widget\" data-widget_type=\"spacer.default\">\n\t\t\t\t\t\t\t<div class=\"elementor-spacer\">\n\t\t\t<div class=\"elementor-spacer-inner\"><\/div>\n\t\t<\/div>\n\t\t\t\t\t\t<\/div>\n\t\t\t\t\t<\/div>\r\n\t\t\t\t<\/div>\r\n\t\t<div class=\"elementor-element elementor-element-8ff013f e-flex e-con-boxed pxl-section-overflow-visible pxl-column-none pxl-section-fix-none pxl-bg-color-none e-con e-parent\" data-id=\"8ff013f\" data-element_type=\"container\">\t\t\t<div class=\"e-con-inner\">\r\n\t\t\t\t<div class=\"elementor-element elementor-element-20f7d65 elementor-widget elementor-widget-text-editor\" data-id=\"20f7d65\" data-element_type=\"widget\" data-widget_type=\"text-editor.default\">\n\t\t\t\t\t\t\t\t\t<h5>The services we have provided quality for us is always at the highest level.<\/h5><h5>Bu ba\u011flamda, ISO 9001, ISO 1401, ISO 18001 kalite belgelerinin yan\u0131nda, uluslararas\u0131 ve yurt i\u00e7i ta\u015f\u0131ma i\u015fleri organizat\u00f6rl\u00fc\u011f\u00fc yapabilmek ad\u0131na Tio ve L2 belgesine sahibiz.<\/h5>\t\t\t\t\t\t\t\t<\/div>\n\t\t\t\t<div class=\"elementor-element elementor-element-7e9d488 elementor-align-center elementor-widget elementor-widget-pxl_button\" data-id=\"7e9d488\" data-element_type=\"widget\" data-widget_type=\"pxl_button.default\">\n\t\t\t\t<div class=\"elementor-widget-container\">\n\t\t\t\t\t<div id=\"pxl-pxl_button-7e9d488-1301\" class=\"pxl-button pxl-atc-link\" data-wow-delay=\"ms\">\r\n    <a href=\"https:\/\/emylogistics.com\/en\/iletisim\/\" class=\"btn pxl-icon-active btn-block-inline  btn-text-underline pxl-icon--left\">\r\n                <span class=\"pxl--btn-text\" data-text=\"Bize Ula\u015f\u0131n\">\r\n            Contact Us        <\/span>\r\n    <\/a>\r\n<\/div>\t\t\t\t<\/div>\n\t\t\t\t<\/div>\n\t\t\t\t\t<\/div>\r\n\t\t\t\t<\/div>\r\n\t\t<div class=\"elementor-element elementor-element-1d17e00 e-flex e-con-boxed pxl-section-overflow-visible pxl-column-none pxl-section-fix-none pxl-bg-color-none e-con e-parent\" data-id=\"1d17e00\" data-element_type=\"container\">\t\t\t<div class=\"e-con-inner\">\r\n\t\t\t\t<div class=\"elementor-element elementor-element-5d600ce e-n-tabs-mobile elementor-widget elementor-widget-n-tabs\" data-id=\"5d600ce\" data-element_type=\"widget\" data-settings=\"{&quot;horizontal_scroll&quot;:&quot;disable&quot;}\" data-widget_type=\"nested-tabs.default\">\n\t\t\t\t\t\t\t<div class=\"e-n-tabs\" data-widget-number=\"97910990\" aria-label=\"Tabs. Open items with Enter or Space, close with Escape and navigate using the Arrow keys.\">\n\t\t\t<div class=\"e-n-tabs-heading\" role=\"tablist\">\n\t\t\t\t\t<button id=\"e-n-tab-title-979109901\" data-tab-title-id=\"e-n-tab-title-979109901\" class=\"e-n-tab-title\" aria-selected=\"true\" data-tab-index=\"1\" role=\"tab\" tabindex=\"0\" aria-controls=\"e-n-tab-content-979109901\" style=\"--n-tabs-title-order: 1;\">\n\t\t\t\t\t\t<span class=\"e-n-tab-title-text\">\n\t\t\t\tQuality Management System - ISO 9001:2015\t\t\t<\/span>\n\t\t<\/button>\n\t\t\t\t<button id=\"e-n-tab-title-979109902\" data-tab-title-id=\"e-n-tab-title-979109902\" class=\"e-n-tab-title\" aria-selected=\"false\" data-tab-index=\"2\" role=\"tab\" tabindex=\"-1\" aria-controls=\"e-n-tab-content-979109902\" style=\"--n-tabs-title-order: 2;\">\n\t\t\t\t\t\t<span class=\"e-n-tab-title-text\">\n\t\t\t\tOh&amp;s management system - ISO40551:2018\t\t\t<\/span>\n\t\t<\/button>\n\t\t\t\t<button id=\"e-n-tab-title-979109903\" data-tab-title-id=\"e-n-tab-title-979109903\" class=\"e-n-tab-title\" aria-selected=\"false\" data-tab-index=\"3\" role=\"tab\" tabindex=\"-1\" aria-controls=\"e-n-tab-content-979109903\" style=\"--n-tabs-title-order: 3;\">\n\t\t\t\t\t\t<span class=\"e-n-tab-title-text\">\n\t\t\t\tEnvironmental Management System - ISO 14001:2015\t\t\t<\/span>\n\t\t<\/button>\n\t\t\t\t<button id=\"e-n-tab-title-979109904\" data-tab-title-id=\"e-n-tab-title-979109904\" class=\"e-n-tab-title\" aria-selected=\"false\" data-tab-index=\"4\" role=\"tab\" tabindex=\"-1\" aria-controls=\"e-n-tab-content-979109904\" style=\"--n-tabs-title-order: 4;\">\n\t\t\t\t\t\t<span class=\"e-n-tab-title-text\">\n\t\t\t\tL2 Belgesi\t\t\t<\/span>\n\t\t<\/button>\n\t\t\t\t\t<\/div>\n\t\t\t<div class=\"e-n-tabs-content\">\n\t\t\t\t<div id=\"e-n-tab-content-979109901\" role=\"tabpanel\" aria-labelledby=\"e-n-tab-title-979109901\" data-tab-index=\"1\" style=\"--n-tabs-title-order: 1;\" class=\"e-active elementor-element elementor-element-8b6108b e-con-full e-flex pxl-section-overflow-visible pxl-column-none pxl-section-fix-none pxl-bg-color-none e-con e-child\" data-id=\"8b6108b\" data-element_type=\"container\"><div class=\"elementor-element elementor-element-e2ef176 e-flex e-con-boxed pxl-section-overflow-visible pxl-column-none pxl-section-fix-none pxl-bg-color-none e-con e-child\" data-id=\"e2ef176\" data-element_type=\"container\">\t\t\t<div class=\"e-con-inner\">\r\n\t\t\t\t<div class=\"elementor-element elementor-element-bfdae94 elementor-widget elementor-widget-image\" data-id=\"bfdae94\" data-element_type=\"widget\" data-widget_type=\"image.default\">\n\t\t\t\t\t\t\t\t\t\t\t\t\t\t\t<img fetchpriority=\"high\" decoding=\"async\" width=\"520\" height=\"738\" src=\"https:\/\/emylogistics.com\/wp-content\/uploads\/2025\/10\/resim_2025-10-13_135441802.png\" class=\"attachment-full size-full wp-image-16055\" alt=\"\" srcset=\"https:\/\/emylogistics.com\/wp-content\/uploads\/2025\/10\/resim_2025-10-13_135441802.png 520w, https:\/\/emylogistics.com\/wp-content\/uploads\/2025\/10\/resim_2025-10-13_135441802-211x300.png 211w, https:\/\/emylogistics.com\/wp-content\/uploads\/2025\/10\/resim_2025-10-13_135441802-8x12.png 8w, https:\/\/emylogistics.com\/wp-content\/uploads\/2025\/10\/resim_2025-10-13_135441802-500x710.png 500w\" sizes=\"(max-width: 520px) 100vw, 520px\" \/>\t\t\t\t\t\t\t\t\t\t\t\t\t\t\t<\/div>\n\t\t\t\t<div class=\"elementor-element elementor-element-1d66da6 elementor-widget elementor-widget-image\" data-id=\"1d66da6\" data-element_type=\"widget\" data-widget_type=\"image.default\">\n\t\t\t\t\t\t\t\t\t\t\t\t\t\t\t\t<a href=\"https:\/\/emylogistics.com\/wp-content\/uploads\/2025\/10\/EMY-Lojistik-9001-EN.pdf\" target=\"_blank\">\n\t\t\t\t\t\t\t<img decoding=\"async\" width=\"645\" height=\"250\" src=\"https:\/\/emylogistics.com\/wp-content\/uploads\/2025\/10\/pdfdwn.png\" class=\"attachment-large size-large wp-image-16082\" alt=\"\" srcset=\"https:\/\/emylogistics.com\/wp-content\/uploads\/2025\/10\/pdfdwn.png 645w, https:\/\/emylogistics.com\/wp-content\/uploads\/2025\/10\/pdfdwn-300x116.png 300w, https:\/\/emylogistics.com\/wp-content\/uploads\/2025\/10\/pdfdwn-18x7.png 18w, https:\/\/emylogistics.com\/wp-content\/uploads\/2025\/10\/pdfdwn-600x233.png 600w\" sizes=\"(max-width: 645px) 100vw, 645px\" \/>\t\t\t\t\t\t\t\t<\/a>\n\t\t\t\t\t\t\t\t\t\t\t\t\t\t\t<\/div>\n\t\t\t\t\t<\/div>\r\n\t\t\t\t<\/div>\r\n\t\t\t\t<\/div>\r\n\t\t<div id=\"e-n-tab-content-979109902\" role=\"tabpanel\" aria-labelledby=\"e-n-tab-title-979109902\" data-tab-index=\"2\" style=\"--n-tabs-title-order: 2;\" class=\"elementor-element elementor-element-2e47d3f e-con-full e-flex pxl-section-overflow-visible pxl-column-none pxl-section-fix-none pxl-bg-color-none e-con e-child\" data-id=\"2e47d3f\" data-element_type=\"container\"><div class=\"elementor-element elementor-element-0e3f217 e-flex e-con-boxed pxl-section-overflow-visible pxl-column-none pxl-section-fix-none pxl-bg-color-none e-con e-child\" data-id=\"0e3f217\" data-element_type=\"container\">\t\t\t<div class=\"e-con-inner\">\r\n\t\t\t\t<div class=\"elementor-element elementor-element-3c88ec0 elementor-widget elementor-widget-image\" data-id=\"3c88ec0\" data-element_type=\"widget\" data-widget_type=\"image.default\">\n\t\t\t\t\t\t\t\t\t\t\t\t\t\t\t<img decoding=\"async\" width=\"551\" height=\"784\" src=\"https:\/\/emylogistics.com\/wp-content\/uploads\/2025\/10\/resim_2025-10-13_140836081.png\" class=\"attachment-full size-full wp-image-16059\" alt=\"\" srcset=\"https:\/\/emylogistics.com\/wp-content\/uploads\/2025\/10\/resim_2025-10-13_140836081.png 551w, https:\/\/emylogistics.com\/wp-content\/uploads\/2025\/10\/resim_2025-10-13_140836081-211x300.png 211w, https:\/\/emylogistics.com\/wp-content\/uploads\/2025\/10\/resim_2025-10-13_140836081-8x12.png 8w, https:\/\/emylogistics.com\/wp-content\/uploads\/2025\/10\/resim_2025-10-13_140836081-499x710.png 499w\" sizes=\"(max-width: 551px) 100vw, 551px\" \/>\t\t\t\t\t\t\t\t\t\t\t\t\t\t\t<\/div>\n\t\t\t\t<div class=\"elementor-element elementor-element-39a6e8d elementor-widget elementor-widget-image\" data-id=\"39a6e8d\" data-element_type=\"widget\" data-widget_type=\"image.default\">\n\t\t\t\t\t\t\t\t\t\t\t\t\t\t\t\t<a href=\"https:\/\/emylogistics.com\/wp-content\/uploads\/2025\/10\/EMY-Lojistik-45001-EN.pdf\" target=\"_blank\">\n\t\t\t\t\t\t\t<img decoding=\"async\" width=\"645\" height=\"250\" src=\"https:\/\/emylogistics.com\/wp-content\/uploads\/2025\/10\/pdfdwn.png\" class=\"attachment-large size-large wp-image-16082\" alt=\"\" srcset=\"https:\/\/emylogistics.com\/wp-content\/uploads\/2025\/10\/pdfdwn.png 645w, https:\/\/emylogistics.com\/wp-content\/uploads\/2025\/10\/pdfdwn-300x116.png 300w, https:\/\/emylogistics.com\/wp-content\/uploads\/2025\/10\/pdfdwn-18x7.png 18w, https:\/\/emylogistics.com\/wp-content\/uploads\/2025\/10\/pdfdwn-600x233.png 600w\" sizes=\"(max-width: 645px) 100vw, 645px\" \/>\t\t\t\t\t\t\t\t<\/a>\n\t\t\t\t\t\t\t\t\t\t\t\t\t\t\t<\/div>\n\t\t\t\t\t<\/div>\r\n\t\t\t\t<\/div>\r\n\t\t\t\t<\/div>\r\n\t\t<div id=\"e-n-tab-content-979109903\" role=\"tabpanel\" aria-labelledby=\"e-n-tab-title-979109903\" data-tab-index=\"3\" style=\"--n-tabs-title-order: 3;\" class=\"elementor-element elementor-element-f0607ea e-con-full e-flex pxl-section-overflow-visible pxl-column-none pxl-section-fix-none pxl-bg-color-none e-con e-child\" data-id=\"f0607ea\" data-element_type=\"container\"><div class=\"elementor-element elementor-element-cf3b61b e-flex e-con-boxed pxl-section-overflow-visible pxl-column-none pxl-section-fix-none pxl-bg-color-none e-con e-child\" data-id=\"cf3b61b\" data-element_type=\"container\">\t\t\t<div class=\"e-con-inner\">\r\n\t\t\t\t<div class=\"elementor-element elementor-element-a3937b1 elementor-widget elementor-widget-image\" data-id=\"a3937b1\" data-element_type=\"widget\" data-widget_type=\"image.default\">\n\t\t\t\t\t\t\t\t\t\t\t\t\t\t\t<img loading=\"lazy\" decoding=\"async\" width=\"550\" height=\"785\" src=\"https:\/\/emylogistics.com\/wp-content\/uploads\/2025\/10\/resim_2025-10-13_141140503.png\" class=\"attachment-full size-full wp-image-16061\" alt=\"\" srcset=\"https:\/\/emylogistics.com\/wp-content\/uploads\/2025\/10\/resim_2025-10-13_141140503.png 550w, https:\/\/emylogistics.com\/wp-content\/uploads\/2025\/10\/resim_2025-10-13_141140503-210x300.png 210w, https:\/\/emylogistics.com\/wp-content\/uploads\/2025\/10\/resim_2025-10-13_141140503-8x12.png 8w, https:\/\/emylogistics.com\/wp-content\/uploads\/2025\/10\/resim_2025-10-13_141140503-497x710.png 497w\" sizes=\"(max-width: 550px) 100vw, 550px\" \/>\t\t\t\t\t\t\t\t\t\t\t\t\t\t\t<\/div>\n\t\t\t\t<div class=\"elementor-element elementor-element-b3cef73 elementor-widget elementor-widget-image\" data-id=\"b3cef73\" data-element_type=\"widget\" data-widget_type=\"image.default\">\n\t\t\t\t\t\t\t\t\t\t\t\t\t\t\t\t<a href=\"https:\/\/emylogistics.com\/wp-content\/uploads\/2025\/10\/EMY-Lojistik-14001-EN.pdf\" target=\"_blank\">\n\t\t\t\t\t\t\t<img decoding=\"async\" width=\"645\" height=\"250\" src=\"https:\/\/emylogistics.com\/wp-content\/uploads\/2025\/10\/pdfdwn.png\" class=\"attachment-large size-large wp-image-16082\" alt=\"\" srcset=\"https:\/\/emylogistics.com\/wp-content\/uploads\/2025\/10\/pdfdwn.png 645w, https:\/\/emylogistics.com\/wp-content\/uploads\/2025\/10\/pdfdwn-300x116.png 300w, https:\/\/emylogistics.com\/wp-content\/uploads\/2025\/10\/pdfdwn-18x7.png 18w, https:\/\/emylogistics.com\/wp-content\/uploads\/2025\/10\/pdfdwn-600x233.png 600w\" sizes=\"(max-width: 645px) 100vw, 645px\" \/>\t\t\t\t\t\t\t\t<\/a>\n\t\t\t\t\t\t\t\t\t\t\t\t\t\t\t<\/div>\n\t\t\t\t\t<\/div>\r\n\t\t\t\t<\/div>\r\n\t\t\t\t<\/div>\r\n\t\t<div id=\"e-n-tab-content-979109904\" role=\"tabpanel\" aria-labelledby=\"e-n-tab-title-979109904\" data-tab-index=\"4\" style=\"--n-tabs-title-order: 4;\" class=\"elementor-element elementor-element-d2528ba e-con-full e-flex pxl-section-overflow-visible pxl-column-none pxl-section-fix-none pxl-bg-color-none e-con e-child\" data-id=\"d2528ba\" data-element_type=\"container\"><div class=\"elementor-element elementor-element-f0635d2 e-flex e-con-boxed pxl-section-overflow-visible pxl-column-none pxl-section-fix-none pxl-bg-color-none e-con e-child\" data-id=\"f0635d2\" data-element_type=\"container\">\t\t\t<div class=\"e-con-inner\">\r\n\t\t\t\t<div class=\"elementor-element elementor-element-f359d7a elementor-widget elementor-widget-image\" data-id=\"f359d7a\" data-element_type=\"widget\" data-widget_type=\"image.default\">\n\t\t\t\t\t\t\t\t\t\t\t\t\t\t\t<img loading=\"lazy\" decoding=\"async\" width=\"1112\" height=\"787\" src=\"https:\/\/emylogistics.com\/wp-content\/uploads\/2025\/11\/l2belge.jpeg\" class=\"attachment-full size-full wp-image-16167\" alt=\"\" srcset=\"https:\/\/emylogistics.com\/wp-content\/uploads\/2025\/11\/l2belge.jpeg 1112w, https:\/\/emylogistics.com\/wp-content\/uploads\/2025\/11\/l2belge-300x212.jpeg 300w, https:\/\/emylogistics.com\/wp-content\/uploads\/2025\/11\/l2belge-1024x725.jpeg 1024w, https:\/\/emylogistics.com\/wp-content\/uploads\/2025\/11\/l2belge-768x544.jpeg 768w, https:\/\/emylogistics.com\/wp-content\/uploads\/2025\/11\/l2belge-18x12.jpeg 18w, https:\/\/emylogistics.com\/wp-content\/uploads\/2025\/11\/l2belge-1003x710.jpeg 1003w, https:\/\/emylogistics.com\/wp-content\/uploads\/2025\/11\/l2belge-600x425.jpeg 600w\" sizes=\"(max-width: 1112px) 100vw, 1112px\" \/>\t\t\t\t\t\t\t\t\t\t\t\t\t\t\t<\/div>\n\t\t\t\t<div class=\"elementor-element elementor-element-5a305eb elementor-widget elementor-widget-image\" data-id=\"5a305eb\" data-element_type=\"widget\" data-widget_type=\"image.default\">\n\t\t\t\t\t\t\t\t\t\t\t\t\t\t\t\t<a href=\"https:\/\/emylogistics.com\/wp-content\/uploads\/2025\/10\/EMY-LOJISTIK-L2-BELGESI.pdf\" target=\"_blank\">\n\t\t\t\t\t\t\t<img decoding=\"async\" width=\"645\" height=\"250\" src=\"https:\/\/emylogistics.com\/wp-content\/uploads\/2025\/10\/pdfdwn.png\" class=\"attachment-large size-large wp-image-16082\" alt=\"\" srcset=\"https:\/\/emylogistics.com\/wp-content\/uploads\/2025\/10\/pdfdwn.png 645w, https:\/\/emylogistics.com\/wp-content\/uploads\/2025\/10\/pdfdwn-300x116.png 300w, https:\/\/emylogistics.com\/wp-content\/uploads\/2025\/10\/pdfdwn-18x7.png 18w, https:\/\/emylogistics.com\/wp-content\/uploads\/2025\/10\/pdfdwn-600x233.png 600w\" sizes=\"(max-width: 645px) 100vw, 645px\" \/>\t\t\t\t\t\t\t\t<\/a>\n\t\t\t\t\t\t\t\t\t\t\t\t\t\t\t<\/div>\n\t\t\t\t\t<\/div>\r\n\t\t\t\t<\/div>\r\n\t\t\t\t<\/div>\r\n\t\t\t\t\t<\/div>\n\t\t<\/div>\n\t\t\t\t\t\t<\/div>\n\t\t\t\t\t<\/div>\r\n\t\t\t\t<\/div>\r\n\t\t\t\t<\/div>","protected":false},"excerpt":{"rendered":"<p>Vermi\u015f oldu\u011fumuz hizmetlerde, kalite bizim i\u00e7in her zaman en \u00fcst seviyededir. Bu ba\u011flamda, ISO 9001, ISO 1401, ISO 18001 kalite belgelerinin yan\u0131nda, uluslararas\u0131 ve yurt i\u00e7i ta\u015f\u0131ma i\u015fleri organizat\u00f6rl\u00fc\u011f\u00fc yapabilmek ad\u0131na Tio ve L2 belgesine sahibiz. Bize Ula\u015f\u0131n Kalite Y\u00f6netim Sistemi &#8211; ISO9001:2015 OH&amp;S Y\u00f6netim Sistemi &#8211; ISO40551:2018 \u00c7evresel Y\u00f6netim Sistemi &#8211; ISO14001:2015 L2 Belgesi<\/p>","protected":false},"author":1,"featured_media":0,"parent":0,"menu_order":0,"comment_status":"closed","ping_status":"closed","template":"elementor_theme","meta":{"footnotes":""},"class_list":["post-15626","page","type-page","status-publish","hentry"],"_links":{"self":[{"href":"https:\/\/emylogistics.com\/en\/wp-json\/wp\/v2\/pages\/15626","targetHints":{"allow":["GET"]}}],"collection":[{"href":"https:\/\/emylogistics.com\/en\/wp-json\/wp\/v2\/pages"}],"about":[{"href":"https:\/\/emylogistics.com\/en\/wp-json\/wp\/v2\/types\/page"}],"author":[{"embeddable":true,"href":"https:\/\/emylogistics.com\/en\/wp-json\/wp\/v2\/users\/1"}],"replies":[{"embeddable":true,"href":"https:\/\/emylogistics.com\/en\/wp-json\/wp\/v2\/comments?post=15626"}],"version-history":[{"count":46,"href":"https:\/\/emylogistics.com\/en\/wp-json\/wp\/v2\/pages\/15626\/revisions"}],"predecessor-version":[{"id":16170,"href":"https:\/\/emylogistics.com\/en\/wp-json\/wp\/v2\/pages\/15626\/revisions\/16170"}],"wp:attachment":[{"href":"https:\/\/emylogistics.com\/en\/wp-json\/wp\/v2\/media?parent=15626"}],"curies":[{"name":"wp","href":"https:\/\/api.w.org\/{rel}","templated":true}]}}