{"id":15619,"date":"2025-10-07T14:51:18","date_gmt":"2025-10-07T11:51:18","guid":{"rendered":"https:\/\/emylogistics.com\/?page_id=15619"},"modified":"2025-10-07T14:52:05","modified_gmt":"2025-10-07T11:52:05","slug":"sartlar-ve-kosullar","status":"publish","type":"page","link":"https:\/\/emylogistics.com\/en\/sartlar-ve-kosullar\/","title":{"rendered":"Terms and conditions"},"content":{"rendered":"<div data-elementor-type=\"wp-page\" data-elementor-id=\"15619\" class=\"elementor elementor-15619\">\n\t\t\t\t<div class=\"elementor-element elementor-element-73bc1a8 e-flex e-con-boxed pxl-section-overflow-visible pxl-column-none pxl-section-fix-none pxl-bg-color-none e-con e-parent\" data-id=\"73bc1a8\" data-element_type=\"container\">\t\t\t<div class=\"e-con-inner\">\r\n\t\t\t\t<div class=\"elementor-element elementor-element-1db52ac elementor-widget elementor-widget-text-editor\" data-id=\"1db52ac\" data-element_type=\"widget\" data-widget_type=\"text-editor.default\">\n\t\t\t\t\t\t\t\t\t<div id=\"sub-header\" class=\"layout-full\"><div class=\"meta-header\"><div class=\"limit-wrapper vamtam-box-outer-padding\"><div class=\"meta-header-inside\"><header class=\"page-header layout-one-row-left\" data-progressive-animation=\"page-title\"><h1>Terms and conditions<\/h1><\/header><\/div><\/div><\/div><\/div><div id=\"main\" class=\"vamtam-main layout-full\" role=\"main\"><div class=\"page-wrapper\"><article id=\"post-987965\" class=\"full post-987965 page type-page status-publish hentry\"><div class=\"page-content clearfix the-content-parent\"><div class=\"fl-builder-content fl-builder-content-987965 fl-builder-content-primary fl-builder-global-templates-locked\" data-post-id=\"987965\"><div class=\"fl-row fl-row-full-width fl-row-bg-none fl-node-h5wmybl3aqgo fl-row-default-height fl-row-align-center fl-row-bg-attachment-scroll\" data-node=\"h5wmybl3aqgo\"><div class=\"fl-row-content-wrap vamtam-show-bg-image\"><div class=\"fl-row-content fl-row-fixed-width fl-node-content\"><div class=\"fl-col-group fl-node-c42libzjs0km\" data-node=\"c42libzjs0km\"><div class=\"fl-col fl-node-6xyei0frcln5 fl-col-bg-color\" data-node=\"6xyei0frcln5\"><div class=\"fl-col-content fl-node-content vamtam-show-bg-image\"><div class=\"fl-module fl-module-rich-text fl-node-g1nwlz5fvoip\" data-node=\"g1nwlz5fvoip\"><div class=\"fl-module-content fl-node-content\"><div class=\"fl-rich-text\"><p>These terms and conditions\u00a0<strong>Emy Logistics, Domestic And Foreign Trade Ltd.Ltd.<\/strong>\u00a0(hereinafter, the \u201clogistics Emy referred to as a\u201d) contains provisions in relation to your use of the services as provided by US. By using our website or using our services, you agree to these terms.<\/p><hr class=\"wp-block-separator has-alpha-channel-opacity\" \/><h3 class=\"wp-block-heading\"><strong>1. Scope Of Services<\/strong><\/h3><p>Emy Logistics, domestic and international logistics, shipping and storage services. The scope of Service, are defined in detail in the contract with the customer.<\/p><hr class=\"wp-block-separator has-alpha-channel-opacity\" \/><h3 class=\"wp-block-heading\"><strong>2. User Obligations<\/strong><\/h3><ul class=\"wp-block-list\"><li>You are obliged to provide accurate and complete information.<\/li><li>You must use our services in accordance with the law.<\/li><li>You are expected to report on time to all requests and complaints.<\/li><\/ul><hr class=\"wp-block-separator has-alpha-channel-opacity\" \/><h3 class=\"wp-block-heading\"><strong>3. Prices and payments<\/strong><\/h3><ul class=\"wp-block-list\"><li>Service prices specified in the contiguous bids or contracts.<\/li><li>All payments should be made on the dates and in the manner specified.<\/li><li>Can be applied to charge interest for late payments.<\/li><\/ul><hr class=\"wp-block-separator has-alpha-channel-opacity\" \/><h3 class=\"wp-block-heading\"><strong>4. Limits On Liability<\/strong><\/h3><ul class=\"wp-block-list\"><li>Emy Logistics, responsible for any damages arising from your inability own.<\/li><li>Is not liable for any damages resulting from incorrect information provided by the customer.<\/li><li>In the case of force majeure (natural disasters, war, strike, official decisions, etc.) we do not accept responsibility.<\/li><\/ul><hr class=\"wp-block-separator has-alpha-channel-opacity\" \/><h3 class=\"wp-block-heading\"><strong>5. Intellectual Property Rights<\/strong><\/h3><p>The website and all written content, visual content and all intellectual property rights belongs to Emy logistics. Unauthorized use is prohibited.<\/p><hr class=\"wp-block-separator has-alpha-channel-opacity\" \/><h3 class=\"wp-block-heading\"><strong>6. Privacy<\/strong><\/h3><p>Your user information within the framework of our privacy policy is maintained. For detailed information, please consult our Privacy Policy.<\/p><hr class=\"wp-block-separator has-alpha-channel-opacity\" \/><h3 class=\"wp-block-heading\"><strong>7. The Right To Change<\/strong><\/h3><p>Emy Logistics reserves the right to change terms and conditions at any time. Changes enter into force after it was published on our website.<\/p><hr class=\"wp-block-separator has-alpha-channel-opacity\" \/><h3 class=\"wp-block-heading\"><strong>8. Applicable law and jurisdiction<\/strong><\/h3><p>These conditions are subject to the laws of the Republic of Turkey. In any conflict, Istanbul courts and execution offices.<\/p><hr class=\"wp-block-separator has-alpha-channel-opacity\" \/><h3 class=\"wp-block-heading\"><strong>Contact Information<\/strong><\/h3><p><strong>Emy Logistics, Domestic And Foreign Trade Ltd.Ltd.<\/strong><br \/>Address: Cumhuriyet MAh. Gurpinaryolu Cad. Kele\u015f Plaza No:2 Kat:7 D:111 B\u00fcy\u00fck\u00e7ekmece \u2013 Istanbul \/ Turkey<br \/>Phone: +90 212 872 24 44<br \/>E-Mail:\u00a0<a>info@emylogistics.com<\/a><\/p><\/div><\/div><\/div><\/div><\/div><\/div><\/div><\/div><\/div><\/div><\/div><\/article><\/div><\/div>\t\t\t\t\t\t\t\t<\/div>\n\t\t\t\t\t<\/div>\r\n\t\t\t\t<\/div>\r\n\t\t\t\t<\/div>","protected":false},"excerpt":{"rendered":"<p>\u015eartlar ve Ko\u015fullar Bu \u015eartlar ve Ko\u015fullar,\u00a0Emy Lojistik \u0130\u00e7 Ve D\u0131\u015f Ticaret Ltd.\u015eTi.\u00a0(bundan sonra &#8220;Emy Lojistik&#8221; olarak an\u0131lacak) taraf\u0131ndan sa\u011flanan hizmetlerin kullan\u0131m\u0131na ili\u015fkin h\u00fck\u00fcmleri i\u00e7ermektedir. Web sitemizi kullanarak veya hizmetlerimizden yararlanarak bu \u015eartlar\u0131 kabul etmi\u015f say\u0131l\u0131rs\u0131n\u0131z. 1. Hizmetlerin Kapsam\u0131 Emy Lojistik, yurti\u00e7i ve yurtd\u0131\u015f\u0131 lojistik, nakliye ve depolama hizmetleri sunar. Hizmet kapsam\u0131, m\u00fc\u015fteri ile yap\u0131lan [&hellip;]<\/p>","protected":false},"author":1,"featured_media":0,"parent":0,"menu_order":0,"comment_status":"closed","ping_status":"closed","template":"","meta":{"footnotes":""},"class_list":["post-15619","page","type-page","status-publish","hentry"],"_links":{"self":[{"href":"https:\/\/emylogistics.com\/en\/wp-json\/wp\/v2\/pages\/15619","targetHints":{"allow":["GET"]}}],"collection":[{"href":"https:\/\/emylogistics.com\/en\/wp-json\/wp\/v2\/pages"}],"about":[{"href":"https:\/\/emylogistics.com\/en\/wp-json\/wp\/v2\/types\/page"}],"author":[{"embeddable":true,"href":"https:\/\/emylogistics.com\/en\/wp-json\/wp\/v2\/users\/1"}],"replies":[{"embeddable":true,"href":"https:\/\/emylogistics.com\/en\/wp-json\/wp\/v2\/comments?post=15619"}],"version-history":[{"count":4,"href":"https:\/\/emylogistics.com\/en\/wp-json\/wp\/v2\/pages\/15619\/revisions"}],"predecessor-version":[{"id":15623,"href":"https:\/\/emylogistics.com\/en\/wp-json\/wp\/v2\/pages\/15619\/revisions\/15623"}],"wp:attachment":[{"href":"https:\/\/emylogistics.com\/en\/wp-json\/wp\/v2\/media?parent=15619"}],"curies":[{"name":"wp","href":"https:\/\/api.w.org\/{rel}","templated":true}]}}