{"id":15614,"date":"2025-10-07T14:50:04","date_gmt":"2025-10-07T11:50:04","guid":{"rendered":"https:\/\/emylogistics.com\/?page_id=15614"},"modified":"2025-10-07T14:50:46","modified_gmt":"2025-10-07T11:50:46","slug":"gizlilik-politikasi","status":"publish","type":"page","link":"https:\/\/emylogistics.com\/en\/gizlilik-politikasi\/","title":{"rendered":"Privacy Policy"},"content":{"rendered":"<div data-elementor-type=\"wp-page\" data-elementor-id=\"15614\" class=\"elementor elementor-15614\">\n\t\t\t\t<div class=\"elementor-element elementor-element-a0355b5 e-flex e-con-boxed pxl-section-overflow-visible pxl-column-none pxl-section-fix-none pxl-bg-color-none e-con e-parent\" data-id=\"a0355b5\" data-element_type=\"container\">\t\t\t<div class=\"e-con-inner\">\r\n\t\t\t\t<div class=\"elementor-element elementor-element-881738a elementor-widget elementor-widget-text-editor\" data-id=\"881738a\" data-element_type=\"widget\" data-widget_type=\"text-editor.default\">\n\t\t\t\t\t\t\t\t\t<div id=\"sub-header\" class=\"layout-full\"><div class=\"meta-header\"><div class=\"limit-wrapper vamtam-box-outer-padding\"><div class=\"meta-header-inside\"><header class=\"page-header layout-one-row-left\" data-progressive-animation=\"page-title\"><h1>Privacy Policy<\/h1><\/header><\/div><\/div><\/div><\/div><div id=\"main\" class=\"vamtam-main layout-full\" role=\"main\"><div class=\"page-wrapper\"><article id=\"post-3\" class=\"full post-3 page type-page status-publish hentry\"><div class=\"page-content clearfix the-content-parent\"><div class=\"fl-builder-content fl-builder-content-3 fl-builder-content-primary fl-builder-global-templates-locked\" data-post-id=\"3\"><div class=\"fl-row fl-row-full-width fl-row-bg-none fl-node-31wtr8vdc2on fl-row-default-height fl-row-align-center fl-row-bg-attachment-scroll\" data-node=\"31wtr8vdc2on\"><div class=\"fl-row-content-wrap vamtam-show-bg-image\"><div class=\"fl-row-content fl-row-fixed-width fl-node-content\"><div class=\"fl-col-group fl-node-inmokswx5gzc\" data-node=\"inmokswx5gzc\"><div class=\"fl-col fl-node-rvwy1z08h39l fl-col-bg-color\" data-node=\"rvwy1z08h39l\"><div class=\"fl-col-content fl-node-content vamtam-show-bg-image\"><div class=\"fl-module fl-module-rich-text fl-node-fi809rompgjw\" data-node=\"fi809rompgjw\"><div class=\"fl-module-content fl-node-content\"><div class=\"fl-rich-text\"><p><strong>Emy Logistics<\/strong>\u00a0as we are committed to protecting the privacy and security of your personal data. This privacy policy when you visit our web site and when you use our services or how we handle your personal information when you contact us gathered, processed and describes how protected.<\/p><hr class=\"wp-block-separator has-alpha-channel-opacity\" \/><h3 class=\"wp-block-heading\"><strong>1. Any Personal Data Collected<\/strong><\/h3><p>Emy Logistics, as we may collect the following personal data:<\/p><ul class=\"wp-block-list\"><li><strong>Credentials:<\/strong>\u00a0Name, surname, identity number<\/li><li><strong>Contact Information:<\/strong>\u00a0Telephone number, e-mail address, residence address<\/li><li><strong>Payment Information:<\/strong>\u00a0Your billing address, bank account information<\/li><li><strong>The Scope Of Logistics Services Data:<\/strong>\u00a0Addresses shipping, delivery records<\/li><li><strong>Web Site Usability:<\/strong>\u00a0Cookies, IP address, browser information<\/li><\/ul><hr class=\"wp-block-separator has-alpha-channel-opacity\" \/><h3 class=\"wp-block-heading\"><strong>2. Purposes Of The Processing Of Personal Data<\/strong><\/h3><p>The collected personal data are processed for the following purposes:<\/p><ul class=\"wp-block-list\"><li>Provision and management of logistics services<\/li><li>Customer Relationship Management and communication<\/li><li>The realization of the billing and payment process<\/li><li>Web site performance measurement and improvement<\/li><li>Fulfillment of legal obligations<\/li><li>Evaluation of demand and complaints<\/li><\/ul><hr class=\"wp-block-separator has-alpha-channel-opacity\" \/><h3 class=\"wp-block-heading\"><strong>3. Transfer Of Personal Data<\/strong><\/h3><p>Your personal data may be shared with third parties only under the following circumstances:<\/p><ul class=\"wp-block-list\"><li>According to legal regulations authorized public institutions<\/li><li>Banks and financial institutions for realization of the purpose of the payment process<\/li><li>Our business partners and suppliers for the management of logistics processes<\/li><li>For the execution of legal process with lawyers and consultants<\/li><\/ul><hr class=\"wp-block-separator has-alpha-channel-opacity\" \/><h3 class=\"wp-block-heading\"><strong>4. Storage Period Of Personal Data<\/strong><\/h3><p>Any personal data collected will be stored for the time period specified in the relevant legislation. The legal retention period expires, the data is securely erased or made anonymous.<\/p><hr class=\"wp-block-separator has-alpha-channel-opacity\" \/><h3 class=\"wp-block-heading\"><strong>5. Personal Data Security<\/strong><\/h3><p>Your personal data from unauthorized access, loss or misuse to protect against the necessary technical and administrative measures are taken. Encryption to ensure the security of your data, such as firewalls and access control measures implemented.<\/p><hr class=\"wp-block-separator has-alpha-channel-opacity\" \/><h3 class=\"wp-block-heading\"><strong>6. Rights Of Holders Of Personal Data<\/strong><\/h3><p>As the owners of personal data, you have the following rights:<\/p><ul class=\"wp-block-list\"><li>If your personal data has been processed learning<\/li><li>If you have committed in relation to it to request information<\/li><li>Ask to be corrected if data is missing or incorrectly processed<\/li><li>To demand that your personal data be erased or destroyed<\/li><li>Appeal your data to be used for a specific purpose<\/li><\/ul><p>To exercise these rights for us info@emylogistics.com you can contact from the address.<\/p><hr class=\"wp-block-separator has-alpha-channel-opacity\" \/><h3 class=\"wp-block-heading\"><strong>7. Cookie Policy<\/strong><\/h3><p>On our website we use Cookies in order to enhance your user experience. Your browser settings to manage cookies can be disabled or.<\/p><hr class=\"wp-block-separator has-alpha-channel-opacity\" \/><h3 class=\"wp-block-heading\"><strong>8. Privacy Policy Updates<\/strong><\/h3><p>Emy Logistics by May update this Privacy Policy. Updates will be announced via our website.<\/p><p><strong>Last Updated Date:<\/strong>\u00a021 March 2025<\/p><p><strong>Contact:<\/strong>\u00a0Emy Logistics, Domestic And Foreign Trade Ltd.Ltd.<\/p><p><strong>Address:\u00a0<\/strong>Cumhuriyet MAh. Gurpinaryolu Cad. Kele\u015f Plaza No:2 Kat:7 D:111 B\u00fcy\u00fck\u00e7ekmece \u2013 Istanbul \/ Turkey<\/p><p><strong>Phone:<\/strong>\u00a0+90 212 872 24 44<\/p><p><strong>E-Mail<\/strong>: info@emylogistics.com<\/p><\/div><\/div><\/div><\/div><\/div><\/div><\/div><\/div><\/div><\/div><\/div><\/article><\/div><\/div>\t\t\t\t\t\t\t\t<\/div>\n\t\t\t\t\t<\/div>\r\n\t\t\t\t<\/div>\r\n\t\t\t\t<\/div>","protected":false},"excerpt":{"rendered":"<p>Gizlilik Politikas\u0131 Emy Lojistik\u00a0olarak, ki\u015fisel verilerinizin gizlili\u011fini ve g\u00fcvenli\u011fini korumaya b\u00fcy\u00fck \u00f6nem veriyoruz. \u0130\u015fbu Gizlilik Politikas\u0131, web sitemizi ziyaret etti\u011finizde, hizmetlerimizden yararland\u0131\u011f\u0131n\u0131zda veya bizimle ileti\u015fime ge\u00e7ti\u011finizde ki\u015fisel verilerinizin nas\u0131l topland\u0131\u011f\u0131n\u0131, i\u015flendi\u011fini ve korundu\u011funu a\u00e7\u0131klamaktad\u0131r. 1. Toplanan Ki\u015fisel Veriler Emy Lojistik olarak, a\u015fa\u011f\u0131daki ki\u015fisel verileri toplayabiliriz: Kimlik Bilgileri:\u00a0Ad, soyad, T.C. kimlik numaras\u0131 \u0130leti\u015fim Bilgileri:\u00a0Telefon numaras\u0131, e-posta [&hellip;]<\/p>","protected":false},"author":1,"featured_media":0,"parent":0,"menu_order":0,"comment_status":"closed","ping_status":"closed","template":"","meta":{"footnotes":""},"class_list":["post-15614","page","type-page","status-publish","hentry"],"_links":{"self":[{"href":"https:\/\/emylogistics.com\/en\/wp-json\/wp\/v2\/pages\/15614","targetHints":{"allow":["GET"]}}],"collection":[{"href":"https:\/\/emylogistics.com\/en\/wp-json\/wp\/v2\/pages"}],"about":[{"href":"https:\/\/emylogistics.com\/en\/wp-json\/wp\/v2\/types\/page"}],"author":[{"embeddable":true,"href":"https:\/\/emylogistics.com\/en\/wp-json\/wp\/v2\/users\/1"}],"replies":[{"embeddable":true,"href":"https:\/\/emylogistics.com\/en\/wp-json\/wp\/v2\/comments?post=15614"}],"version-history":[{"count":4,"href":"https:\/\/emylogistics.com\/en\/wp-json\/wp\/v2\/pages\/15614\/revisions"}],"predecessor-version":[{"id":15618,"href":"https:\/\/emylogistics.com\/en\/wp-json\/wp\/v2\/pages\/15614\/revisions\/15618"}],"wp:attachment":[{"href":"https:\/\/emylogistics.com\/en\/wp-json\/wp\/v2\/media?parent=15614"}],"curies":[{"name":"wp","href":"https:\/\/api.w.org\/{rel}","templated":true}]}}