{"id":15556,"date":"2025-10-07T14:03:39","date_gmt":"2025-10-07T11:03:39","guid":{"rendered":"https:\/\/emylogistics.com\/?page_id=15556"},"modified":"2025-10-27T12:19:22","modified_gmt":"2025-10-27T09:19:22","slug":"surdurulebilirlik","status":"publish","type":"page","link":"https:\/\/emylogistics.com\/en\/surdurulebilirlik\/","title":{"rendered":"Sustainability"},"content":{"rendered":"<div data-elementor-type=\"wp-page\" data-elementor-id=\"15556\" class=\"elementor elementor-15556\">\n\t\t\t\t<div class=\"elementor-element elementor-element-96bea4e e-flex e-con-boxed pxl-section-overflow-visible pxl-column-none pxl-section-fix-none pxl-bg-color-none e-con e-parent\" data-id=\"96bea4e\" data-element_type=\"container\">\t\t\t<div class=\"e-con-inner\">\r\n\t\t<div class=\"elementor-element elementor-element-494ef93 e-con-full e-flex pxl-section-overflow-visible pxl-column-none pxl-section-fix-none pxl-bg-color-none e-con e-child\" data-id=\"494ef93\" data-element_type=\"container\">\t\t<div class=\"elementor-element elementor-element-d03ce64 elementor-widget__width-initial elementor-widget elementor-widget-text-editor\" data-id=\"d03ce64\" data-element_type=\"widget\" data-widget_type=\"text-editor.default\">\n\t\t\t\t\t\t\t\t\t<div class=\"fl-col fl-node-59ceeaec7cd16 fl-col-bg-color fl-col-small fl-col-small-custom-width\" data-node=\"59ceeaec7cd16\"><div class=\"fl-col-content fl-node-content vamtam-show-bg-image\"><div class=\"fl-module fl-module-vamtam-heading fl-node-59ceeaec7cd9f\" data-node=\"59ceeaec7cd9f\"><div class=\"fl-module-content fl-node-content\"><h3 class=\"vamtam-heading\"><span class=\"vamtam-heading-text\">The logistics sector, and carries goods that are vital to the growth and prosperity of the community posts.<\/span><\/h3><\/div><\/div><\/div><\/div>\t\t\t\t\t\t\t\t<\/div>\n\t\t\t\t<\/div>\r\n\t\t<div class=\"elementor-element elementor-element-26fc91f e-con-full e-flex pxl-section-overflow-visible pxl-column-none pxl-section-fix-none pxl-bg-color-none e-con e-child\" data-id=\"26fc91f\" data-element_type=\"container\"><div class=\"elementor-element elementor-element-393d0f9 e-grid e-con-full pxl-section-overflow-visible pxl-column-none pxl-section-fix-none pxl-bg-color-none e-con e-child\" data-id=\"393d0f9\" data-element_type=\"container\">\t\t<div class=\"elementor-element elementor-element-e94ba07 elementor-widget elementor-widget-text-editor\" data-id=\"e94ba07\" data-element_type=\"widget\" data-widget_type=\"text-editor.default\">\n\t\t\t\t\t\t\t\t\t<div class=\"fl-module fl-module-vamtam-heading fl-node-59ceeaec7cf51\" data-node=\"59ceeaec7cf51\"><div class=\"fl-module-content fl-node-content\"><h3 class=\"vamtam-heading\"><span class=\"vamtam-heading-text\">Smarter Planning<\/span><\/h3><\/div><\/div><div class=\"fl-module fl-module-rich-text fl-node-59ceeaec7cf8d\" data-node=\"59ceeaec7cf8d\"><div class=\"fl-module-content fl-node-content\"><div class=\"fl-rich-text\"><div class=\"gtx-body\"><strong>More intelligent logistics planning with greenhouse gas (GHG) emissions is an important area to improve.<\/strong><\/div><\/div><\/div><\/div>\t\t\t\t\t\t\t\t<\/div>\n\t\t\t\t<div class=\"elementor-element elementor-element-a52b8c9 elementor-widget elementor-widget-text-editor\" data-id=\"a52b8c9\" data-element_type=\"widget\" data-widget_type=\"text-editor.default\">\n\t\t\t\t\t\t\t\t\t<div class=\"fl-module fl-module-vamtam-heading fl-node-59ceeaec7d00d\" data-node=\"59ceeaec7d00d\"><div class=\"fl-module-content fl-node-content\"><h3 class=\"vamtam-heading\"><span class=\"vamtam-heading-text\">Fuel Efficiency<\/span><\/h3><\/div><\/div><div class=\"fl-module fl-module-rich-text fl-node-59ceeaec7d049\" data-node=\"59ceeaec7d049\"><div class=\"fl-module-content fl-node-content\"><div class=\"fl-rich-text\"><div class=\"gtx-body\"><strong>Our fleet is new and evolving technology, we have identified a series that will increase fuel efficiency.<\/strong><\/div><\/div><\/div><\/div>\t\t\t\t\t\t\t\t<\/div>\n\t\t\t\t<div class=\"elementor-element elementor-element-e5ce070 elementor-widget elementor-widget-text-editor\" data-id=\"e5ce070\" data-element_type=\"widget\" data-widget_type=\"text-editor.default\">\n\t\t\t\t\t\t\t\t\t<div class=\"fl-module fl-module-vamtam-heading fl-node-59ceeaec7d18a\" data-node=\"59ceeaec7d18a\"><div class=\"fl-module-content fl-node-content\"><h3 class=\"vamtam-heading\"><span class=\"vamtam-heading-text\">Smarter Energy<\/span><\/h3><\/div><\/div><div class=\"fl-module fl-module-rich-text fl-node-59ceeaec7d1c6\" data-node=\"59ceeaec7d1c6\"><div class=\"fl-module-content fl-node-content\"><div class=\"fl-rich-text\"><div class=\"gtx-body\"><strong>Dependence on fossil fuels such as diesel and long-term supply-demand is a limited resource, pointing to the table.<\/strong><\/div><\/div><\/div><\/div>\t\t\t\t\t\t\t\t<\/div>\n\t\t\t\t<div class=\"elementor-element elementor-element-23984d8 elementor-widget elementor-widget-text-editor\" data-id=\"23984d8\" data-element_type=\"widget\" data-widget_type=\"text-editor.default\">\n\t\t\t\t\t\t\t\t\t<div class=\"fl-module fl-module-vamtam-heading fl-node-59ceeaec7d0cb\" data-node=\"59ceeaec7d0cb\"><div class=\"fl-module-content fl-node-content\"><h3 class=\"vamtam-heading\"><span class=\"vamtam-heading-text\">Smarter Driving<\/span><\/h3><\/div><\/div><div class=\"fl-module fl-module-rich-text fl-node-59ceeaec7d109\" data-node=\"59ceeaec7d109\"><div class=\"fl-module-content fl-node-content\"><div class=\"fl-rich-text\"><div class=\"gtx-body\"><strong>Our experience does not significantly affect driver behavior suggests that the vehicle fuel economy and emissions.<\/strong><\/div><\/div><\/div><\/div>\t\t\t\t\t\t\t\t<\/div>\n\t\t\t\t<\/div>\r\n\t\t\t\t<\/div>\r\n\t\t\t\t\t<\/div>\r\n\t\t\t\t<\/div>\r\n\t\t<div class=\"elementor-element elementor-element-9a52159 e-flex e-con-boxed pxl-section-overflow-visible pxl-column-none pxl-section-fix-none pxl-bg-color-none e-con e-parent\" data-id=\"9a52159\" data-element_type=\"container\">\t\t\t<div class=\"e-con-inner\">\r\n\t\t<div class=\"elementor-element elementor-element-b5cfb3d e-con-full e-flex pxl-section-overflow-visible pxl-column-none pxl-section-fix-none pxl-bg-color-none e-con e-child\" data-id=\"b5cfb3d\" data-element_type=\"container\">\t\t<div class=\"elementor-element elementor-element-21a50b9 elementor-widget elementor-widget-pxl_heading\" data-id=\"21a50b9\" data-element_type=\"widget\" data-widget_type=\"pxl_heading.default\">\n\t\t\t\t<div class=\"elementor-widget-container\">\n\t\t\t\t\t\n<div id=\"pxl-pxl_heading-21a50b9-8063\" class=\"pxl-heading px-sub-title-default-style\">\n\t<div class=\"pxl-heading--inner\">\n\t\t\n\t\t<h3 class=\"pxl-item--title style-default highlight-default\" data-wow-delay=\"ms\">\n\n\t\t\t<span class=\"pxl-heading--text\">\n\n\t\t\t\t\t\t\t\t\tYesil Sustainable Initiatives\t\n\t\t\t\t\t\n\n\t\t\t<\/span>\n\t\t<\/h3>\n\t\t\n\t<\/div>\n<\/div>\t\t\t\t<\/div>\n\t\t\t\t<\/div>\n\t\t\t\t<div class=\"elementor-element elementor-element-c0cebd9 elementor-widget-divider--view-line elementor-widget elementor-widget-divider\" data-id=\"c0cebd9\" data-element_type=\"widget\" data-widget_type=\"divider.default\">\n\t\t\t\t\t\t\t<div class=\"elementor-divider\">\n\t\t\t<span class=\"elementor-divider-separator\">\n\t\t\t\t\t\t<\/span>\n\t\t<\/div>\n\t\t\t\t\t\t<\/div>\n\t\t\t\t<div class=\"elementor-element elementor-element-b655aaf elementor-widget elementor-widget-text-editor\" data-id=\"b655aaf\" data-element_type=\"widget\" data-widget_type=\"text-editor.default\">\n\t\t\t\t\t\t\t\t\t<p>Despite our relatively short operating history as a company, our engineers with rich practical, innovative and technical skills based on our commitment and our strong commitment to customer satisfaction and also, this is a good job for a long time, the list has ruled.<\/p>\t\t\t\t\t\t\t\t<\/div>\n\t\t\t\t<\/div>\r\n\t\t<div class=\"elementor-element elementor-element-dce95f5 e-con-full e-flex pxl-section-overflow-visible pxl-column-none pxl-section-fix-none pxl-bg-color-none e-con e-child\" data-id=\"dce95f5\" data-element_type=\"container\">\t\t<div class=\"elementor-element elementor-element-6fb6bf8 elementor-widget elementor-widget-pxl_progressbar\" data-id=\"6fb6bf8\" data-element_type=\"widget\" data-widget_type=\"pxl_progressbar.default\">\n\t\t\t\t<div class=\"elementor-widget-container\">\n\t\t\t\t\t    <div class=\"pxl-progressbar pxl-progressbar-1 style-1\">\n                    <div class=\"pxl--item\" data-wow-delay=\"ms\">\n                                <div class=\"pxl--holder pxl-flex-grow\">\n                    <div class=\"pxl--meta pxl-flex-middle\">\n                        <div class=\"pxl--title pxl-flex-grow el-empty pxl-mr-10\">Smarter Driving<\/div>\n                    <\/div>\n                    <div class=\"pxl-progressbar--wrap\">\n                        <div class=\"pxl--progressbar\" role=\"progressbar\" data-valuetransitiongoal=\"98\">\n                            <span class=\"pxl--percentage\">98%<\/span>\n                        <\/div>\n                    <\/div>\n                <\/div>\n            <\/div>\n                    <div class=\"pxl--item\" data-wow-delay=\"ms\">\n                                <div class=\"pxl--holder pxl-flex-grow\">\n                    <div class=\"pxl--meta pxl-flex-middle\">\n                        <div class=\"pxl--title pxl-flex-grow el-empty pxl-mr-10\">Smarter Energy<\/div>\n                    <\/div>\n                    <div class=\"pxl-progressbar--wrap\">\n                        <div class=\"pxl--progressbar\" role=\"progressbar\" data-valuetransitiongoal=\"95\">\n                            <span class=\"pxl--percentage\">95%<\/span>\n                        <\/div>\n                    <\/div>\n                <\/div>\n            <\/div>\n                    <div class=\"pxl--item\" data-wow-delay=\"ms\">\n                                <div class=\"pxl--holder pxl-flex-grow\">\n                    <div class=\"pxl--meta pxl-flex-middle\">\n                        <div class=\"pxl--title pxl-flex-grow el-empty pxl-mr-10\">Fuel Efficiency<\/div>\n                    <\/div>\n                    <div class=\"pxl-progressbar--wrap\">\n                        <div class=\"pxl--progressbar\" role=\"progressbar\" data-valuetransitiongoal=\"90\">\n                            <span class=\"pxl--percentage\">90%<\/span>\n                        <\/div>\n                    <\/div>\n                <\/div>\n            <\/div>\n            <\/div>\n\t\t\t\t<\/div>\n\t\t\t\t<\/div>\n\t\t\t\t<\/div>\r\n\t\t\t\t\t<\/div>\r\n\t\t\t\t<\/div>\r\n\t\t<div class=\"elementor-element elementor-element-1bd4804 e-con-full e-flex pxl-section-overflow-visible pxl-column-none pxl-section-fix-none pxl-bg-color-none e-con e-parent\" data-id=\"1bd4804\" data-element_type=\"container\"><div class=\"elementor-element elementor-element-052d3fc e-con-full e-flex pxl-section-overflow-visible pxl-column-none pxl-section-fix-none pxl-bg-color-none e-con e-child\" data-id=\"052d3fc\" data-element_type=\"container\">\t\t<div class=\"elementor-element elementor-element-e1c7849 elementor-widget elementor-widget-image\" data-id=\"e1c7849\" data-element_type=\"widget\" data-widget_type=\"image.default\">\n\t\t\t\t\t\t\t\t\t\t\t\t\t\t\t<img fetchpriority=\"high\" decoding=\"async\" width=\"1024\" height=\"768\" src=\"https:\/\/emylogistics.com\/wp-content\/uploads\/2025\/10\/aa.jpeg\" class=\"attachment-full size-full wp-image-15597\" alt=\"\" srcset=\"https:\/\/emylogistics.com\/wp-content\/uploads\/2025\/10\/aa.jpeg 1024w, https:\/\/emylogistics.com\/wp-content\/uploads\/2025\/10\/aa-600x450.jpeg 600w, https:\/\/emylogistics.com\/wp-content\/uploads\/2025\/10\/aa-300x225.jpeg 300w, https:\/\/emylogistics.com\/wp-content\/uploads\/2025\/10\/aa-768x576.jpeg 768w, https:\/\/emylogistics.com\/wp-content\/uploads\/2025\/10\/aa-947x710.jpeg 947w\" sizes=\"(max-width: 1024px) 100vw, 1024px\" \/>\t\t\t\t\t\t\t\t\t\t\t\t\t\t\t<\/div>\n\t\t\t\t<\/div>\r\n\t\t<div class=\"elementor-element elementor-element-5515e29 e-con-full e-flex pxl-section-overflow-visible pxl-column-none pxl-section-fix-none pxl-bg-color-none e-con e-child\" data-id=\"5515e29\" data-element_type=\"container\">\t\t<div class=\"elementor-element elementor-element-4b6fb6f elementor-widget elementor-widget-text-editor\" data-id=\"4b6fb6f\" data-element_type=\"widget\" data-widget_type=\"text-editor.default\">\n\t\t\t\t\t\t\t\t\t<div class=\"fl-module fl-module-vamtam-heading fl-node-pj1azqoex50y\" data-node=\"pj1azqoex50y\"><div class=\"fl-module-content fl-node-content\"><h3 class=\"vamtam-heading\"><span class=\"vamtam-heading-text\" style=\"color: #ffffff;\">Daha Temiz ve Daha Ye\u015fil Olmak<\/span><\/h3><\/div><\/div><div class=\"fl-module fl-module-rich-text fl-node-59ceeaec7d827\" data-node=\"59ceeaec7d827\"><div class=\"fl-module-content fl-node-content\"><div class=\"fl-rich-text\"><div class=\"gtx-body\">Developments in technology and better understanding, smarter and more measured our environmental impact and improve our way of operating in a way to minimise opportunities.<\/div><\/div><\/div><\/div>\t\t\t\t\t\t\t\t<\/div>\n\t\t\t\t<div class=\"elementor-element elementor-element-093c22e elementor-widget elementor-widget-pxl_button\" data-id=\"093c22e\" data-element_type=\"widget\" data-widget_type=\"pxl_button.default\">\n\t\t\t\t<div class=\"elementor-widget-container\">\n\t\t\t\t\t<div id=\"pxl-pxl_button-093c22e-5057\" class=\"pxl-button pxl-atc-link\" data-wow-delay=\"ms\">\r\n    <a href=\"#\" class=\"btn pxl-icon-active btn-block-inline  btn-icon-box4 pxl-icon--left\">\r\n                <span class=\"pxl--btn-text\" data-text=\"Lojistikte Ye\u015fil D\u00f6n\u00fc\u015f\u00fcm\">\r\n            Yesil Transformation In Logistics        <\/span>\r\n    <\/a>\r\n<\/div>\t\t\t\t<\/div>\n\t\t\t\t<\/div>\n\t\t\t\t<\/div>\r\n\t\t<div class=\"elementor-element elementor-element-e2bfd96 e-con-full e-flex pxl-section-overflow-visible pxl-column-none pxl-section-fix-none pxl-bg-color-none e-con e-child\" data-id=\"e2bfd96\" data-element_type=\"container\">\t\t<div class=\"elementor-element elementor-element-b2e42fc elementor-widget elementor-widget-image\" data-id=\"b2e42fc\" data-element_type=\"widget\" data-widget_type=\"image.default\">\n\t\t\t\t\t\t\t\t\t\t\t\t\t\t\t<img fetchpriority=\"high\" decoding=\"async\" width=\"1024\" height=\"768\" src=\"https:\/\/emylogistics.com\/wp-content\/uploads\/2025\/10\/aa.jpeg\" class=\"attachment-full size-full wp-image-15597\" alt=\"\" srcset=\"https:\/\/emylogistics.com\/wp-content\/uploads\/2025\/10\/aa.jpeg 1024w, https:\/\/emylogistics.com\/wp-content\/uploads\/2025\/10\/aa-600x450.jpeg 600w, https:\/\/emylogistics.com\/wp-content\/uploads\/2025\/10\/aa-300x225.jpeg 300w, https:\/\/emylogistics.com\/wp-content\/uploads\/2025\/10\/aa-768x576.jpeg 768w, https:\/\/emylogistics.com\/wp-content\/uploads\/2025\/10\/aa-947x710.jpeg 947w\" sizes=\"(max-width: 1024px) 100vw, 1024px\" \/>\t\t\t\t\t\t\t\t\t\t\t\t\t\t\t<\/div>\n\t\t\t\t<\/div>\r\n\t\t<div class=\"elementor-element elementor-element-ea08a2b e-con-full e-flex pxl-section-overflow-visible pxl-column-none pxl-section-fix-none pxl-bg-color-none e-con e-child\" data-id=\"ea08a2b\" data-element_type=\"container\">\t\t<div class=\"elementor-element elementor-element-2ccc732 elementor-widget elementor-widget-text-editor\" data-id=\"2ccc732\" data-element_type=\"widget\" data-widget_type=\"text-editor.default\">\n\t\t\t\t\t\t\t\t\t<div class=\"fl-module fl-module-vamtam-heading fl-node-pj1azqoex50y\" data-node=\"pj1azqoex50y\"><div class=\"fl-module-content fl-node-content\"><div class=\"fl-module fl-module-vamtam-heading fl-node-59ceeaec7d384\" data-node=\"59ceeaec7d384\"><div class=\"fl-module-content fl-node-content\"><h3 class=\"vamtam-heading\"><span class=\"vamtam-heading-text\" style=\"color: #ffffff;\">Yesil Smarter Initiatives<\/span><\/h3><\/div><\/div><\/div><\/div><div class=\"fl-module fl-module-rich-text fl-node-59ceeaec7d827\" data-node=\"59ceeaec7d827\"><div class=\"fl-module-content fl-node-content\"><div class=\"fl-rich-text\"><div class=\"gtx-body\">More Yesil our program, including the impact of climate change on our business and our use of energy, the basic effects of our operations on the environment responds.<\/div><\/div><\/div><\/div>\t\t\t\t\t\t\t\t<\/div>\n\t\t\t\t<div class=\"elementor-element elementor-element-fdfbb12 elementor-widget elementor-widget-pxl_button\" data-id=\"fdfbb12\" data-element_type=\"widget\" data-widget_type=\"pxl_button.default\">\n\t\t\t\t<div class=\"elementor-widget-container\">\n\t\t\t\t\t<div id=\"pxl-pxl_button-fdfbb12-3904\" class=\"pxl-button pxl-atc-link\" data-wow-delay=\"ms\">\r\n    <a href=\"#\" class=\"btn pxl-icon-active btn-block-inline  btn-icon-box4 pxl-icon--left\">\r\n                <span class=\"pxl--btn-text\" data-text=\"\u015eirketler \u0130\u00e7in Pratik \u00c7\u00f6z\u00fcmler\">\r\n            Practical Solutions For Companies        <\/span>\r\n    <\/a>\r\n<\/div>\t\t\t\t<\/div>\n\t\t\t\t<\/div>\n\t\t\t\t<\/div>\r\n\t\t\t\t<\/div>\r\n\t\t\t\t<\/div>","protected":false},"excerpt":{"rendered":"<p>Lojistik sekt\u00f6r\u00fc, toplumun b\u00fcy\u00fcmesi ve refah\u0131 i\u00e7in hayati \u00f6nem ta\u015f\u0131yan mallar\u0131 ta\u015f\u0131r ve nakleder. Daha Ak\u0131ll\u0131 Planlama Daha ak\u0131ll\u0131 lojistik planlamas\u0131yla sera gaz\u0131 (GHG) emisyonlar\u0131m\u0131z\u0131 iyile\u015ftirmek i\u00e7in \u00f6nemli bir alan bulunmaktad\u0131r. Yak\u0131t Verimlili\u011fi Filolar\u0131m\u0131zda yak\u0131t verimlili\u011fini art\u0131racak bir dizi yeni ve geli\u015fen teknoloji belirledik. Daha Ak\u0131ll\u0131 Enerji Dizel gibi fosil yak\u0131tlara ba\u011f\u0131ml\u0131l\u0131k ve uzun vadeli [&hellip;]<\/p>","protected":false},"author":1,"featured_media":0,"parent":0,"menu_order":0,"comment_status":"closed","ping_status":"closed","template":"elementor_header_footer","meta":{"footnotes":""},"class_list":["post-15556","page","type-page","status-publish","hentry"],"_links":{"self":[{"href":"https:\/\/emylogistics.com\/en\/wp-json\/wp\/v2\/pages\/15556","targetHints":{"allow":["GET"]}}],"collection":[{"href":"https:\/\/emylogistics.com\/en\/wp-json\/wp\/v2\/pages"}],"about":[{"href":"https:\/\/emylogistics.com\/en\/wp-json\/wp\/v2\/types\/page"}],"author":[{"embeddable":true,"href":"https:\/\/emylogistics.com\/en\/wp-json\/wp\/v2\/users\/1"}],"replies":[{"embeddable":true,"href":"https:\/\/emylogistics.com\/en\/wp-json\/wp\/v2\/comments?post=15556"}],"version-history":[{"count":31,"href":"https:\/\/emylogistics.com\/en\/wp-json\/wp\/v2\/pages\/15556\/revisions"}],"predecessor-version":[{"id":16162,"href":"https:\/\/emylogistics.com\/en\/wp-json\/wp\/v2\/pages\/15556\/revisions\/16162"}],"wp:attachment":[{"href":"https:\/\/emylogistics.com\/en\/wp-json\/wp\/v2\/media?parent=15556"}],"curies":[{"name":"wp","href":"https:\/\/api.w.org\/{rel}","templated":true}]}}